{"id":2762,"date":"2021-01-21T14:38:27","date_gmt":"2021-01-21T14:38:27","guid":{"rendered":"http:\/\/dicotaclub.lovebytes.de\/?page_id=2762"},"modified":"2022-08-18T11:16:33","modified_gmt":"2022-08-18T09:16:33","slug":"productfinder","status":"publish","type":"page","link":"https:\/\/www.dicota.club\/en\/products-2\/productfinder\/","title":{"rendered":"Product Finder"},"content":{"rendered":"<div data-elementor-type=\"wp-page\" data-elementor-id=\"2762\" class=\"elementor elementor-2762\" data-elementor-post-type=\"page\">\n\t\t\t\t\t\t<section class=\"elementor-section elementor-top-section elementor-element elementor-element-8fe1a89 elementor-section-boxed elementor-section-height-default elementor-section-height-default\" data-id=\"8fe1a89\" data-element_type=\"section\" data-e-type=\"section\">\n\t\t\t\t\t\t<div class=\"elementor-container elementor-column-gap-default\">\n\t\t\t\t\t<div class=\"elementor-column elementor-col-100 elementor-top-column elementor-element elementor-element-3f386c3\" data-id=\"3f386c3\" data-element_type=\"column\" data-e-type=\"column\">\n\t\t\t<div class=\"elementor-widget-wrap elementor-element-populated\">\n\t\t\t\t\t\t<div class=\"elementor-element elementor-element-7784e67 elementor-widget elementor-widget-image\" data-id=\"7784e67\" data-element_type=\"widget\" data-e-type=\"widget\" id=\"banner-400\" data-widget_type=\"image.default\">\n\t\t\t\t<div class=\"elementor-widget-container\">\n\t\t\t\t\t\t\t\t\t\t\t\t\t\t\t<img fetchpriority=\"high\" decoding=\"async\" width=\"1400\" height=\"400\" src=\"https:\/\/www.dicota.club\/wp-content\/uploads\/2021\/10\/banner_productfinder.jpg\" class=\"attachment-full size-full wp-image-8590\" alt=\"\" srcset=\"https:\/\/www.dicota.club\/wp-content\/uploads\/2021\/10\/banner_productfinder.jpg 1400w, https:\/\/www.dicota.club\/wp-content\/uploads\/2021\/10\/banner_productfinder-300x86.jpg 300w, https:\/\/www.dicota.club\/wp-content\/uploads\/2021\/10\/banner_productfinder-1024x293.jpg 1024w, https:\/\/www.dicota.club\/wp-content\/uploads\/2021\/10\/banner_productfinder-768x219.jpg 768w\" sizes=\"(max-width: 1400px) 100vw, 1400px\" \/>\t\t\t\t\t\t\t\t\t\t\t\t\t\t\t<\/div>\n\t\t\t\t<\/div>\n\t\t\t\t<div class=\"elementor-element elementor-element-8482a49 elementor-widget elementor-widget-heading\" data-id=\"8482a49\" data-element_type=\"widget\" data-e-type=\"widget\" data-widget_type=\"heading.default\">\n\t\t\t\t<div class=\"elementor-widget-container\">\n\t\t\t\t\t<h2 class=\"elementor-heading-title elementor-size-default\">Product Finder<\/h2>\t\t\t\t<\/div>\n\t\t\t\t<\/div>\n\t\t\t\t<div class=\"elementor-element elementor-element-8ca1e53 maintext elementor-widget elementor-widget-text-editor\" data-id=\"8ca1e53\" data-element_type=\"widget\" data-e-type=\"widget\" id=\"maintext\" data-widget_type=\"text-editor.default\">\n\t\t\t\t<div class=\"elementor-widget-container\">\n\t\t\t\t\t\t\t\t\t<pre>Instantly find all compatible bags and accessories for <sup>(almost) <\/sup>all devices!<\/pre>\t\t\t\t\t\t\t\t<\/div>\n\t\t\t\t<\/div>\n\t\t\t\t<div class=\"elementor-element elementor-element-59d55f3 elementor-icon-list--layout-traditional elementor-list-item-link-full_width elementor-widget elementor-widget-icon-list\" data-id=\"59d55f3\" data-element_type=\"widget\" data-e-type=\"widget\" data-widget_type=\"icon-list.default\">\n\t\t\t\t<div class=\"elementor-widget-container\">\n\t\t\t\t\t\t\t<ul class=\"elementor-icon-list-items\">\n\t\t\t\t\t\t\t<li class=\"elementor-icon-list-item\">\n\t\t\t\t\t\t\t\t\t\t\t<span class=\"elementor-icon-list-icon\">\n\t\t\t\t\t\t\t<i aria-hidden=\"true\" class=\"fas fa-info-circle\"><\/i>\t\t\t\t\t\t<\/span>\n\t\t\t\t\t\t\t\t\t\t<span class=\"elementor-icon-list-text\">Use <span style=\"font-family: Futura Heavy\">'Search for a model'<\/span> to search for a matching item for a specific device (e.g. 'HP EliteBook 850 G5').<br>Use the option <span style=\"font-family: Futura Heavy\">'Free text'<\/span> to enter a search term, or <span style=\"font-family: Futura Heavy\">'about manufacturer<\/span> to select a unit from a list.<\/span>\n\t\t\t\t\t\t\t\t\t<\/li>\n\t\t\t\t\t\t\t\t<li class=\"elementor-icon-list-item\">\n\t\t\t\t\t\t\t\t\t\t\t<span class=\"elementor-icon-list-icon\">\n\t\t\t\t\t\t\t<i aria-hidden=\"true\" class=\"fas fa-info-circle\"><\/i>\t\t\t\t\t\t<\/span>\n\t\t\t\t\t\t\t\t\t\t<span class=\"elementor-icon-list-text\"><span style=\"font-family: Futura Heavy\">'Search for a product'<\/span> to browse our range or search for a specific DICOTA article.<\/span>\n\t\t\t\t\t\t\t\t\t<\/li>\n\t\t\t\t\t\t<\/ul>\n\t\t\t\t\t\t<\/div>\n\t\t\t\t<\/div>\n\t\t\t\t<div class=\"elementor-element elementor-element-cff3431 elementor-widget elementor-widget-menu-anchor\" data-id=\"cff3431\" data-element_type=\"widget\" data-e-type=\"widget\" data-widget_type=\"menu-anchor.default\">\n\t\t\t\t<div class=\"elementor-widget-container\">\n\t\t\t\t\t\t\t<div class=\"elementor-menu-anchor\" id=\"pf\"><\/div>\n\t\t\t\t\t\t<\/div>\n\t\t\t\t<\/div>\n\t\t\t\t<div class=\"elementor-element elementor-element-dc622d3 elementor-widget elementor-widget-spacer\" data-id=\"dc622d3\" data-element_type=\"widget\" data-e-type=\"widget\" data-widget_type=\"spacer.default\">\n\t\t\t\t<div class=\"elementor-widget-container\">\n\t\t\t\t\t\t\t<div class=\"elementor-spacer\">\n\t\t\t<div class=\"elementor-spacer-inner\"><\/div>\n\t\t<\/div>\n\t\t\t\t\t\t<\/div>\n\t\t\t\t<\/div>\n\t\t\t\t<div class=\"elementor-element elementor-element-f0ad728 elementor-widget elementor-widget-html\" data-id=\"f0ad728\" data-element_type=\"widget\" data-e-type=\"widget\" data-widget_type=\"html.default\">\n\t\t\t\t<div class=\"elementor-widget-container\">\n\t\t\t\t\t<iframe name=\"external\" src=\"https:\/\/www.upgradebox.eu\/v3\/?customer=de.club.dicota.com&sl=2\"\r\nframeborder=\"0\" scrolling=\"yes\" width=\"100%\" height=\"1000px\"><\/iframe>\r\n\t\t\t\t<\/div>\n\t\t\t\t<\/div>\n\t\t\t\t<div class=\"elementor-element elementor-element-fb30f68 elementor-widget elementor-widget-spacer\" data-id=\"fb30f68\" data-element_type=\"widget\" data-e-type=\"widget\" data-widget_type=\"spacer.default\">\n\t\t\t\t<div class=\"elementor-widget-container\">\n\t\t\t\t\t\t\t<div class=\"elementor-spacer\">\n\t\t\t<div class=\"elementor-spacer-inner\"><\/div>\n\t\t<\/div>\n\t\t\t\t\t\t<\/div>\n\t\t\t\t<\/div>\n\t\t\t\t\t<\/div>\n\t\t<\/div>\n\t\t\t\t\t<\/div>\n\t\t<\/section>\n\t\t\t\t<\/div>","protected":false},"excerpt":{"rendered":"<p>Product Finder Finden Sie sofort alle kompatiblen Taschen und Accessoires zu (fast) allen Ger\u00e4ten! Nutzen Sie &#8218;Suche nach einem Modell&#8216; um einen passenden Artikel zu einem spezifischen Ger\u00e4t zu suchen (z.B. &#8218;HP EliteBook 850 G5&#8216;).Nutzen Sie die Option &#8218;Freitext&#8216; um einen Suchbegriff einzugeben, oder &#8218;\u00fcber Hersteller&#8216; um ein Ger\u00e4t aus einer Liste auszuw\u00e4hlen. &#8218;Suche nach [&hellip;]<\/p>\n","protected":false},"author":1,"featured_media":0,"parent":7866,"menu_order":0,"comment_status":"closed","ping_status":"closed","template":"","meta":{"_acf_changed":false,"inline_featured_image":false,"footnotes":""},"tags":[],"class_list":["post-2762","page","type-page","status-publish","hentry"],"acf":[],"_links":{"self":[{"href":"https:\/\/www.dicota.club\/en\/wp-json\/wp\/v2\/pages\/2762","targetHints":{"allow":["GET"]}}],"collection":[{"href":"https:\/\/www.dicota.club\/en\/wp-json\/wp\/v2\/pages"}],"about":[{"href":"https:\/\/www.dicota.club\/en\/wp-json\/wp\/v2\/types\/page"}],"author":[{"embeddable":true,"href":"https:\/\/www.dicota.club\/en\/wp-json\/wp\/v2\/users\/1"}],"replies":[{"embeddable":true,"href":"https:\/\/www.dicota.club\/en\/wp-json\/wp\/v2\/comments?post=2762"}],"version-history":[{"count":22,"href":"https:\/\/www.dicota.club\/en\/wp-json\/wp\/v2\/pages\/2762\/revisions"}],"predecessor-version":[{"id":15280,"href":"https:\/\/www.dicota.club\/en\/wp-json\/wp\/v2\/pages\/2762\/revisions\/15280"}],"up":[{"embeddable":true,"href":"https:\/\/www.dicota.club\/en\/wp-json\/wp\/v2\/pages\/7866"}],"wp:attachment":[{"href":"https:\/\/www.dicota.club\/en\/wp-json\/wp\/v2\/media?parent=2762"}],"wp:term":[{"taxonomy":"post_tag","embeddable":true,"href":"https:\/\/www.dicota.club\/en\/wp-json\/wp\/v2\/tags?post=2762"}],"curies":[{"name":"wp","href":"https:\/\/api.w.org\/{rel}","templated":true}]}}