{"id":574,"date":"2014-11-20T10:05:06","date_gmt":"2014-11-20T09:05:06","guid":{"rendered":"http:\/\/dicotaclub.lovebytes.de\/?page_id=574"},"modified":"2023-07-06T10:36:29","modified_gmt":"2023-07-06T08:36:29","slug":"terms","status":"publish","type":"page","link":"https:\/\/www.dicota.club\/en\/support\/terms\/","title":{"rendered":"Terms of use"},"content":{"rendered":"<div data-elementor-type=\"wp-page\" data-elementor-id=\"574\" class=\"elementor elementor-574\" data-elementor-post-type=\"page\">\n\t\t\t\t\t\t<section class=\"elementor-section elementor-top-section elementor-element elementor-element-4553bdd elementor-section-boxed elementor-section-height-default elementor-section-height-default\" data-id=\"4553bdd\" data-element_type=\"section\" data-e-type=\"section\">\n\t\t\t\t\t\t<div class=\"elementor-container elementor-column-gap-default\">\n\t\t\t\t\t<div class=\"elementor-column elementor-col-100 elementor-top-column elementor-element elementor-element-3273286a\" data-id=\"3273286a\" data-element_type=\"column\" data-e-type=\"column\">\n\t\t\t<div class=\"elementor-widget-wrap elementor-element-populated\">\n\t\t\t\t\t\t<div class=\"elementor-element elementor-element-4fabe9b elementor-widget elementor-widget-heading\" data-id=\"4fabe9b\" data-element_type=\"widget\" data-e-type=\"widget\" data-widget_type=\"heading.default\">\n\t\t\t\t<div class=\"elementor-widget-container\">\n\t\t\t\t\t<h2 class=\"elementor-heading-title elementor-size-default\">Terms of use<\/h2>\t\t\t\t<\/div>\n\t\t\t\t<\/div>\n\t\t\t\t<div class=\"elementor-element elementor-element-651e64d2 elementor-widget elementor-widget-text-editor\" data-id=\"651e64d2\" data-element_type=\"widget\" data-e-type=\"widget\" data-widget_type=\"text-editor.default\">\n\t\t\t\t<div class=\"elementor-widget-container\">\n\t\t\t\t\t\t\t\t\t<p>Welcome to DICOTA Club! Here you will find the exact terms of use:<\/p><h3>Introduction<\/h3><p>The DICOTA Club is the exclusive partner programme of DICOTA Schweiz AG (\"DICOTA\") for small and medium-sized businesses (\"SMB Partners\") who want to increase their revenue and margins, simplify their business processes and benefit from attractive and exclusive club advantages with professional mobile carrying solutions and IT accessories. DICOTA values loyal, mutual and sustainable partnerships and wants to grow together with committed IT resellers.<\/p><p>The DICOTA Club serves registered users as a central communication platform for news, products, events, training, tools, support, rewards and other important information for the areas of sales, marketing and services of DICOTA. This service is offered by DICOTA free of charge and voluntarily. DICOTA accepts no liability for this courtesy and reserves the right to discontinue the service at any time.<\/p><h3>Conditions of use and participation<\/h3><p>The DICOTA Club is designed for all IT resellers from the SMB segment who sell DICOTA products in participating countries. Use is reserved for legal entities, private individuals are excluded from use. There is no general right of access. DICOTA expressly reserves the right to refuse registrations or to restrict access to individual club areas.<\/p><p>Distributors are excluded from participation in the partner programme, as are multinational DICOTA partners and DICOTA partners with individual agreements which include special and project conditions and\/or bonus arrangements.<\/p><h3>Registration process<\/h3><p>To use the DICOTA Club, you must register online with your contact information and other details and the user is required to record accurate information. Upon receipt of your registration, DICOTA will verify eligibility. If DICOTA's site is unclear as to eligibility, the user may be contacted by email with additional instructions. As a user, you are obliged to update your profile accordingly in case of changes.<\/p><h3>Reward programme<\/h3><p>As an incentive, DICOTA provides an interesting rewards programme. By disclosing your respective distribution customer number(s), your DICOTA purchases are assigned to your points account. The data is read in monthly. The conversion ratio \"purchase volume\/premium points\" is 1 EUR\/CHF = 1 point.<\/p><p>DICOTA reserves the right to change the conversion ratio at any time without notice.<\/p><h4>Collect extra points<\/h4><p>It is possible to earn additional points in DICOTA Club. This will be communicated on an ongoing basis.<\/p><h3>Non-Cash Premiums \/ Vouchers<\/h3><p>DICOTA endeavours to present the authorised user with an interesting selection of rewards, which you can redeem for your collected Club Points. The offer may change continuously. The rewards can be redeemed via one of the <a href=\"https:\/\/www.dicota.club\/en\/points\/overview\/\">Premium shops<\/a> be ordered. Non-cash prizes are usually delivered by post within a few days.<\/p><p>DICOTA reserves the right to provide substitute rewards of comparable value should the specified reward not be available. The redeemed reward cannot be refunded or exchanged.<\/p><p>The Rewards Programme may be modified or terminated by DICOTA at any time without notice.<\/p><p><\/p><h3>Tax aspects<\/h3><p>All relevant tax aspects in connection with the redemption of a reward or a bonus reimbursement are the sole responsibility of the user and must be dealt with by the user.<\/p><h3>Use of materials<\/h3><p>The user may only use the sales, marketing, photo and video materials for commercial purposes. Changes or modification of the materials are expressly prohibited. DICOTA is the sole and exclusive owner of the Materials. DICOTA provides all content in good faith, but makes no other warranties on your part.<\/p><h3>Property<\/h3><p>The DICOTA Club, as well as the entire content, is the property of DICOTA. DICOTA reserves all rights. The user may not revise, modify, license or sell any information or content derived from the portal without express permission.<\/p><h3>Data protection<\/h3><p>DICOTA will not pass on your personal data to third parties, but will only use it for club-specific activities. If you wish to stop receiving the Club newsletter, you can do so at any time in the \"My Account\" area or click on \"Unsubscribe\" in the newsletter. All detailed information on data protection can be found on the Club website under \"<a href=\"https:\/\/www.dicota.club\/en\/support\/privacy\/\" target=\"_blank\" rel=\"noopener\">Privacy policy<\/a>\".<\/p><h3>Termination<\/h3><p>DICOTA may decide to terminate DICOTA Club at any time without notice. There is no right to register or redeem unredeemed points after the closure of the Club. You can cancel your participation at any time with immediate effect. Simply send an e-mail to <a href=\"mailto:club@dicota.com\">club@dicota.com<\/a> and you will immediately receive a confirmation.<\/p><h3>Limitation of liability<\/h3><p>DICOTA shall in no event be liable for any damages arising out of the use or inability to use the Club Portal. This applies in particular to any loss of data, interruption of business and\/or loss of profit. DICOTA cannot guarantee the completeness, correctness and reliability of the published information. It is possible that individual services, promotions, products or rewards may not be available in your country.<\/p><h3>Terms of use<\/h3><p>DICOTA may at any time, without notice and effective immediately, revise these Terms of Use. The current version on the Club website shall apply at all times.<\/p><h3>Place of jurisdiction<\/h3><p>Swiss law shall apply exclusively. The place of jurisdiction is the District Court of H\u00f6fe, CH-8832 Wollerau.<\/p><p>Status: 07.12.2021<\/p>\t\t\t\t\t\t\t\t<\/div>\n\t\t\t\t<\/div>\n\t\t\t\t<div class=\"elementor-element elementor-element-ab73e41 elementor-widget elementor-widget-spacer\" data-id=\"ab73e41\" data-element_type=\"widget\" data-e-type=\"widget\" data-widget_type=\"spacer.default\">\n\t\t\t\t<div class=\"elementor-widget-container\">\n\t\t\t\t\t\t\t<div class=\"elementor-spacer\">\n\t\t\t<div class=\"elementor-spacer-inner\"><\/div>\n\t\t<\/div>\n\t\t\t\t\t\t<\/div>\n\t\t\t\t<\/div>\n\t\t\t\t\t<\/div>\n\t\t<\/div>\n\t\t\t\t\t<\/div>\n\t\t<\/section>\n\t\t\t\t<\/div>","protected":false},"excerpt":{"rendered":"<p>Nutzungsbedingungen Herzlich Willkommen im DICOTA Club! Hier finden Sie die genauen Nutzungsbedingungen: Einf\u00fchrung Der DICOTA Club ist das exklusive Partnerprogramm der DICOTA Schweiz AG (\u201eDICOTA\u201c) f\u00fcr kleine und mittlere Unternehmen (\u201eSMB Partner\u201c), die mit professionellen, mobilen Tragel\u00f6sungen und IT-Zubeh\u00f6r ihren Umsatz und ihre Margen steigern, ihre Gesch\u00e4ftsprozesse vereinfachen und von attraktiven und exklusiven Clubvorteilen profitieren [&hellip;]<\/p>\n","protected":false},"author":1,"featured_media":0,"parent":2529,"menu_order":0,"comment_status":"closed","ping_status":"closed","template":"","meta":{"_acf_changed":false,"inline_featured_image":false,"footnotes":""},"tags":[],"class_list":["post-574","page","type-page","status-publish","hentry"],"acf":[],"_links":{"self":[{"href":"https:\/\/www.dicota.club\/en\/wp-json\/wp\/v2\/pages\/574","targetHints":{"allow":["GET"]}}],"collection":[{"href":"https:\/\/www.dicota.club\/en\/wp-json\/wp\/v2\/pages"}],"about":[{"href":"https:\/\/www.dicota.club\/en\/wp-json\/wp\/v2\/types\/page"}],"author":[{"embeddable":true,"href":"https:\/\/www.dicota.club\/en\/wp-json\/wp\/v2\/users\/1"}],"replies":[{"embeddable":true,"href":"https:\/\/www.dicota.club\/en\/wp-json\/wp\/v2\/comments?post=574"}],"version-history":[{"count":22,"href":"https:\/\/www.dicota.club\/en\/wp-json\/wp\/v2\/pages\/574\/revisions"}],"predecessor-version":[{"id":18078,"href":"https:\/\/www.dicota.club\/en\/wp-json\/wp\/v2\/pages\/574\/revisions\/18078"}],"up":[{"embeddable":true,"href":"https:\/\/www.dicota.club\/en\/wp-json\/wp\/v2\/pages\/2529"}],"wp:attachment":[{"href":"https:\/\/www.dicota.club\/en\/wp-json\/wp\/v2\/media?parent=574"}],"wp:term":[{"taxonomy":"post_tag","embeddable":true,"href":"https:\/\/www.dicota.club\/en\/wp-json\/wp\/v2\/tags?post=574"}],"curies":[{"name":"wp","href":"https:\/\/api.w.org\/{rel}","templated":true}]}}