{"id":8564,"date":"2021-10-19T12:14:24","date_gmt":"2021-10-19T12:14:24","guid":{"rendered":"http:\/\/dicotaclub.lovebytes.de\/?page_id=8564"},"modified":"2022-07-01T00:01:43","modified_gmt":"2022-06-30T22:01:43","slug":"welcomepack","status":"publish","type":"page","link":"https:\/\/www.dicota.club\/fr\/welcomepack\/","title":{"rendered":"Kit de bienvenue"},"content":{"rendered":"<div data-elementor-type=\"wp-page\" data-elementor-id=\"8564\" class=\"elementor elementor-8564\" data-elementor-post-type=\"page\">\n\t\t\t\t\t\t<section class=\"elementor-section elementor-top-section elementor-element elementor-element-c498143 elementor-section-boxed elementor-section-height-default elementor-section-height-default\" data-id=\"c498143\" data-element_type=\"section\" data-e-type=\"section\">\n\t\t\t\t\t\t<div class=\"elementor-container elementor-column-gap-no\">\n\t\t\t\t\t<div class=\"elementor-column elementor-col-100 elementor-top-column elementor-element elementor-element-34049ed\" data-id=\"34049ed\" data-element_type=\"column\" data-e-type=\"column\">\n\t\t\t<div class=\"elementor-widget-wrap elementor-element-populated\">\n\t\t\t\t\t\t<div class=\"elementor-element elementor-element-bda5e10 elementor-widget elementor-widget-image\" data-id=\"bda5e10\" data-element_type=\"widget\" data-e-type=\"widget\" data-widget_type=\"image.default\">\n\t\t\t\t<div class=\"elementor-widget-container\">\n\t\t\t\t\t\t\t\t\t\t\t\t\t\t\t<img fetchpriority=\"high\" decoding=\"async\" width=\"1400\" height=\"400\" src=\"https:\/\/www.dicota.club\/wp-content\/uploads\/2022\/05\/banner_welcomepack2.jpg\" class=\"attachment-full size-full wp-image-12321\" alt=\"\" srcset=\"https:\/\/www.dicota.club\/wp-content\/uploads\/2022\/05\/banner_welcomepack2.jpg 1400w, https:\/\/www.dicota.club\/wp-content\/uploads\/2022\/05\/banner_welcomepack2-300x86.jpg 300w, https:\/\/www.dicota.club\/wp-content\/uploads\/2022\/05\/banner_welcomepack2-1024x293.jpg 1024w, https:\/\/www.dicota.club\/wp-content\/uploads\/2022\/05\/banner_welcomepack2-768x219.jpg 768w\" sizes=\"(max-width: 1400px) 100vw, 1400px\" \/>\t\t\t\t\t\t\t\t\t\t\t\t\t\t\t<\/div>\n\t\t\t\t<\/div>\n\t\t\t\t<div class=\"elementor-element elementor-element-27dfb2f elementor-widget elementor-widget-heading\" data-id=\"27dfb2f\" data-element_type=\"widget\" data-e-type=\"widget\" data-widget_type=\"heading.default\">\n\t\t\t\t<div class=\"elementor-widget-container\">\n\t\t\t\t\t<h2 class=\"elementor-heading-title elementor-size-default\">Kit de bienvenue<\/h2>\t\t\t\t<\/div>\n\t\t\t\t<\/div>\n\t\t\t\t\t<\/div>\n\t\t<\/div>\n\t\t\t\t\t<\/div>\n\t\t<\/section>\n\t\t\t\t<section class=\"elementor-section elementor-top-section elementor-element elementor-element-a8e8991 elementor-section-boxed elementor-section-height-default elementor-section-height-default\" data-id=\"a8e8991\" data-element_type=\"section\" data-e-type=\"section\">\n\t\t\t\t\t\t<div class=\"elementor-container elementor-column-gap-no\">\n\t\t\t\t\t<div class=\"elementor-column elementor-col-100 elementor-top-column elementor-element elementor-element-3cbd067\" data-id=\"3cbd067\" data-element_type=\"column\" data-e-type=\"column\">\n\t\t\t<div class=\"elementor-widget-wrap elementor-element-populated\">\n\t\t\t\t\t\t<section class=\"elementor-section elementor-inner-section elementor-element elementor-element-e3f1b35 elementor-section-boxed elementor-section-height-default elementor-section-height-default\" data-id=\"e3f1b35\" data-element_type=\"section\" data-e-type=\"section\">\n\t\t\t\t\t\t<div class=\"elementor-container elementor-column-gap-no\">\n\t\t\t\t\t<div class=\"elementor-column elementor-col-100 elementor-inner-column elementor-element elementor-element-478af1c\" data-id=\"478af1c\" data-element_type=\"column\" data-e-type=\"column\">\n\t\t\t<div class=\"elementor-widget-wrap elementor-element-populated\">\n\t\t\t\t\t\t<div class=\"elementor-element elementor-element-f13bb97 elementor-widget elementor-widget-text-editor\" data-id=\"f13bb97\" data-element_type=\"widget\" data-e-type=\"widget\" id=\"justify\" data-widget_type=\"text-editor.default\">\n\t\t\t\t<div class=\"elementor-widget-container\">\n\t\t\t\t\t\t\t\t\t<p>Vous en avez assez des mots vides de sens ? Nous aussi !<\/p><p>Au sein du club, chaque utilisateur est un repr\u00e9sentant pr\u00e9cieux de notre marque. Nous voulons des partenaires qui sont convaincus de la qualit\u00e9 et de la durabilit\u00e9, du design et de notre comp\u00e9tence en tant que fabricant. Pour le prouver, nous envoyons \u00e0 chaque partenaire int\u00e9ress\u00e9 un pack de bienvenue gratuit qui vous permet de vous immerger compl\u00e8tement dans le monde de DICOTA.<\/p><p>Le pack contient notamment un sac d'ordinateur ECO flambant neuf en PET recycl\u00e9, produit dans le respect du d\u00e9veloppement durable, ainsi qu'une version imprim\u00e9e de qualit\u00e9 du <a href=\"https:\/\/www.dicota.com\/de\/magazine\">DICOTA Magazine<\/a>.<\/p>\t\t\t\t\t\t\t\t<\/div>\n\t\t\t\t<\/div>\n\t\t\t\t<div class=\"elementor-element elementor-element-0022720 elementor-widget elementor-widget-spacer\" data-id=\"0022720\" data-element_type=\"widget\" data-e-type=\"widget\" data-widget_type=\"spacer.default\">\n\t\t\t\t<div class=\"elementor-widget-container\">\n\t\t\t\t\t\t\t<div class=\"elementor-spacer\">\n\t\t\t<div class=\"elementor-spacer-inner\"><\/div>\n\t\t<\/div>\n\t\t\t\t\t\t<\/div>\n\t\t\t\t<\/div>\n\t\t\t\t\t<\/div>\n\t\t<\/div>\n\t\t\t\t\t<\/div>\n\t\t<\/section>\n\t\t\t\t\t<\/div>\n\t\t<\/div>\n\t\t\t\t\t<\/div>\n\t\t<\/section>\n\t\t\t\t<section class=\"elementor-section elementor-top-section elementor-element elementor-element-7f6d0c3 elementor-section-boxed elementor-section-height-default elementor-section-height-default\" data-id=\"7f6d0c3\" data-element_type=\"section\" data-e-type=\"section\">\n\t\t\t\t\t\t<div class=\"elementor-container elementor-column-gap-no\">\n\t\t\t\t\t<div class=\"elementor-column elementor-col-100 elementor-top-column elementor-element elementor-element-315aa9f\" data-id=\"315aa9f\" data-element_type=\"column\" data-e-type=\"column\">\n\t\t\t<div class=\"elementor-widget-wrap elementor-element-populated\">\n\t\t\t\t\t\t<div class=\"elementor-element elementor-element-429e82f elementor-widget elementor-widget-spacer\" data-id=\"429e82f\" data-element_type=\"widget\" data-e-type=\"widget\" data-widget_type=\"spacer.default\">\n\t\t\t\t<div class=\"elementor-widget-container\">\n\t\t\t\t\t\t\t<div class=\"elementor-spacer\">\n\t\t\t<div class=\"elementor-spacer-inner\"><\/div>\n\t\t<\/div>\n\t\t\t\t\t\t<\/div>\n\t\t\t\t<\/div>\n\t\t\t\t<section class=\"elementor-section elementor-inner-section elementor-element elementor-element-718b6e7 elementor-section-boxed elementor-section-height-default elementor-section-height-default\" data-id=\"718b6e7\" data-element_type=\"section\" data-e-type=\"section\">\n\t\t\t\t\t\t<div class=\"elementor-container elementor-column-gap-no\">\n\t\t\t\t\t<div class=\"elementor-column elementor-col-50 elementor-inner-column elementor-element elementor-element-89da3bb\" data-id=\"89da3bb\" data-element_type=\"column\" data-e-type=\"column\">\n\t\t\t<div class=\"elementor-widget-wrap elementor-element-populated\">\n\t\t\t\t\t\t<div class=\"elementor-element elementor-element-4134cab elementor-widget elementor-widget-heading\" data-id=\"4134cab\" data-element_type=\"widget\" data-e-type=\"widget\" data-widget_type=\"heading.default\">\n\t\t\t\t<div class=\"elementor-widget-container\">\n\t\t\t\t\t<h3 class=\"elementor-heading-title elementor-size-default\">Demander un pack de bienvenue<\/h3>\t\t\t\t<\/div>\n\t\t\t\t<\/div>\n\t\t\t\t<div class=\"elementor-element elementor-element-b06dbe2 elementor-widget elementor-widget-shortcode\" data-id=\"b06dbe2\" data-element_type=\"widget\" data-e-type=\"widget\" data-widget_type=\"shortcode.default\">\n\t\t\t\t<div class=\"elementor-widget-container\">\n\t\t\t\t\t\t\t<div class=\"elementor-shortcode\">\n<div class=\"wpcf7 no-js\" id=\"wpcf7-f9661-o1\" lang=\"de-DE\" dir=\"ltr\" data-wpcf7-id=\"9661\">\n<div class=\"screen-reader-response\"><p role=\"status\" aria-live=\"polite\" aria-atomic=\"true\"><\/p> <ul><\/ul><\/div>\n<form action=\"\/fr\/wp-json\/wp\/v2\/pages\/8564#wpcf7-f9661-o1\" method=\"post\" class=\"wpcf7-form init\" aria-label=\"Formulaire de contact\" novalidate=\"novalidate\" data-status=\"init\" data-trp-original-action=\"\/fr\/wp-json\/wp\/v2\/pages\/8564#wpcf7-f9661-o1\">\n<fieldset class=\"hidden-fields-container\"><input type=\"hidden\" name=\"_wpcf7\" value=\"9661\" \/><input type=\"hidden\" name=\"_wpcf7_version\" value=\"6.1.5\" \/><input type=\"hidden\" name=\"_wpcf7_locale\" value=\"de_DE_formal\" \/><input type=\"hidden\" name=\"_wpcf7_unit_tag\" value=\"wpcf7-f9661-o1\" \/><input type=\"hidden\" name=\"_wpcf7_container_post\" value=\"0\" \/><input type=\"hidden\" name=\"_wpcf7_posted_data_hash\" value=\"\" \/>\n<\/fieldset>\n<div class=\"row\">\n\t<div class=\"col-lg-12 col-12\">\n\t\t<details>\n\t\t\t<summary style=\"list-style-type:none;\"><b style=\"color:#3C55AF;\">Adresse de livraison diff\u00e9rente<\/b> (facultatif)\n\t\t\t<\/summary>\n\t\t\t<p><span class=\"wpcf7-form-control-wrap\" data-name=\"textarea-lieferadresse\"><textarea cols=\"40\" rows=\"10\" maxlength=\"2000\" class=\"wpcf7-form-control wpcf7-textarea\" aria-invalid=\"false\" placeholder=\"Adresse de livraison diff\u00e9rente\" name=\"textarea-lieferadresse\"><\/textarea><\/span>\n\t\t\t<\/p>\n\t\t<\/details>\n\t\t<div style=\"height:15px;\">\n\t\t<\/div>\n\t\t<p><b>Adresse de livraison<\/b>\n\t\t<\/p>\n\t\t<p>DICOTA Suisse SA\n\t\t<\/p>\n\t\t<p>Churerstrasse 20\n\t\t<\/p>\n\t\t<p>8808 Pf\u00e4ffikon\n\t\t<\/p>\n\t\t<p>Suisse\n\t\t<\/p>\n\t\t<div style=\"height:15px;\">\n\t\t<\/div>\n\t\t<p>\u00e0 l'attention de\n\t\t<\/p>\n\t\t<p><span class=\"wpcf7-form-control-wrap\" data-name=\"select-salutation\"><select class=\"wpcf7-form-control wpcf7-select\" aria-invalid=\"false\" name=\"select-salutation\"><option value=\"Herr\">M.<\/option><option value=\"Frau\">Mme<\/option><option value=\"Divers\">Divers<\/option><\/select><\/span><span class=\"wpcf7-form-control-wrap\" data-name=\"text-zuhaenden\"><input size=\"40\" maxlength=\"400\" class=\"wpcf7-form-control wpcf7-text wpcf7-validates-as-required\" aria-required=\"true\" aria-invalid=\"false\" value=\"\" type=\"text\" name=\"text-zuhaenden\" \/><\/span>\n\t\t<\/p>\n\t\t<div style=\"display: none; \" >\n\t\t\t<p><span class=\"wpcf7-form-control-wrap\" data-name=\"user-loginname\"><input size=\"40\" maxlength=\"400\" class=\"wpcf7-form-control wpcf7-text wpcf7-validates-as-required\" aria-required=\"true\" aria-invalid=\"false\" value=\"\" type=\"text\" name=\"user-loginname\" \/><\/span><br \/>\n<span class=\"wpcf7-form-control-wrap\" data-name=\"email-user\"><input size=\"40\" maxlength=\"400\" class=\"wpcf7-form-control wpcf7-email wpcf7-validates-as-required wpcf7-text wpcf7-validates-as-email\" aria-required=\"true\" aria-invalid=\"false\" value=\"\" type=\"email\" name=\"email-user\" \/><\/span>\n\t\t\t<\/p>\n\t\t<\/div>\n\t\t<p><span class=\"wpcf7-form-control-wrap\" data-name=\"welcomepackage\"><input size=\"40\" maxlength=\"400\" class=\"wpcf7-form-control wpcf7-text wpcf7-validates-as-required d-none\" aria-required=\"true\" aria-invalid=\"false\" value=\"\" type=\"text\" name=\"welcomepackage\" \/><\/span>\n\t\t<\/p>\n\t\t<p><input class=\"wpcf7-form-control wpcf7-submit has-spinner\" type=\"submit\" value=\"Demander un pack de bienvenue\" \/>\n\t\t<\/p>\n\t<\/div>\n<\/div><div class=\"wpcf7-response-output\" aria-hidden=\"true\"><\/div>\n<input type=\"hidden\" name=\"trp-form-language\" value=\"fr\"\/><\/form>\n<\/div>\n\n<\/div>\n\t\t\t\t\t\t<\/div>\n\t\t\t\t<\/div>\n\t\t\t\t\t<\/div>\n\t\t<\/div>\n\t\t\t\t<div class=\"elementor-column elementor-col-50 elementor-inner-column elementor-element elementor-element-ace075d\" data-id=\"ace075d\" data-element_type=\"column\" data-e-type=\"column\">\n\t\t\t<div class=\"elementor-widget-wrap\">\n\t\t\t\t\t\t\t<\/div>\n\t\t<\/div>\n\t\t\t\t\t<\/div>\n\t\t<\/section>\n\t\t\t\t<div class=\"elementor-element elementor-element-f1f4b30 elementor-widget elementor-widget-spacer\" data-id=\"f1f4b30\" data-element_type=\"widget\" data-e-type=\"widget\" data-widget_type=\"spacer.default\">\n\t\t\t\t<div class=\"elementor-widget-container\">\n\t\t\t\t\t\t\t<div class=\"elementor-spacer\">\n\t\t\t<div class=\"elementor-spacer-inner\"><\/div>\n\t\t<\/div>\n\t\t\t\t\t\t<\/div>\n\t\t\t\t<\/div>\n\t\t\t\t\t<\/div>\n\t\t<\/div>\n\t\t\t\t\t<\/div>\n\t\t<\/section>\n\t\t\t\t<\/div>","protected":false},"excerpt":{"rendered":"<p>Welcome Package Haben Sie genug von leeren Worten? Wir auch! Im Club ist jeder Nutzer ein wertvoller Vertreter unserer Marke. Wir wollen Partner, welche von der Qualit\u00e4t und Nachhaltigkeit, dem Design sowie unserer Kompetenz als Hersteller \u00fcberzeugt sind. Um das zu beweisen, senden wir jedem interessierten Partner ein kostenloses Willkommenspaket, welches Sie komplett in die [&hellip;]<\/p>\n","protected":false},"author":334,"featured_media":0,"parent":0,"menu_order":0,"comment_status":"closed","ping_status":"closed","template":"","meta":{"_acf_changed":false,"inline_featured_image":false,"footnotes":""},"class_list":["post-8564","page","type-page","status-publish","hentry"],"acf":[],"_links":{"self":[{"href":"https:\/\/www.dicota.club\/fr\/wp-json\/wp\/v2\/pages\/8564","targetHints":{"allow":["GET"]}}],"collection":[{"href":"https:\/\/www.dicota.club\/fr\/wp-json\/wp\/v2\/pages"}],"about":[{"href":"https:\/\/www.dicota.club\/fr\/wp-json\/wp\/v2\/types\/page"}],"author":[{"embeddable":true,"href":"https:\/\/www.dicota.club\/fr\/wp-json\/wp\/v2\/users\/334"}],"replies":[{"embeddable":true,"href":"https:\/\/www.dicota.club\/fr\/wp-json\/wp\/v2\/comments?post=8564"}],"version-history":[{"count":1,"href":"https:\/\/www.dicota.club\/fr\/wp-json\/wp\/v2\/pages\/8564\/revisions"}],"predecessor-version":[{"id":13219,"href":"https:\/\/www.dicota.club\/fr\/wp-json\/wp\/v2\/pages\/8564\/revisions\/13219"}],"wp:attachment":[{"href":"https:\/\/www.dicota.club\/fr\/wp-json\/wp\/v2\/media?parent=8564"}],"curies":[{"name":"wp","href":"https:\/\/api.w.org\/{rel}","templated":true}]}}