{"id":15764,"date":"2022-09-16T21:35:50","date_gmt":"2022-09-16T19:35:50","guid":{"rendered":"https:\/\/dicota.club\/?page_id=15764"},"modified":"2022-09-16T22:23:28","modified_gmt":"2022-09-16T20:23:28","slug":"newsletter","status":"publish","type":"page","link":"https:\/\/www.dicota.club\/pl\/konto\/newsletter\/","title":{"rendered":"Newsletter"},"content":{"rendered":"<div data-elementor-type=\"wp-page\" data-elementor-id=\"15764\" class=\"elementor elementor-15764\" data-elementor-post-type=\"page\">\n\t\t\t\t\t\t<section class=\"elementor-section elementor-top-section elementor-element elementor-element-37821631 elementor-section-boxed elementor-section-height-default elementor-section-height-default\" data-id=\"37821631\" data-element_type=\"section\" data-e-type=\"section\">\n\t\t\t\t\t\t<div class=\"elementor-container elementor-column-gap-default\">\n\t\t\t\t\t<div class=\"elementor-column elementor-col-100 elementor-top-column elementor-element elementor-element-675804ca\" data-id=\"675804ca\" data-element_type=\"column\" data-e-type=\"column\">\n\t\t\t<div class=\"elementor-widget-wrap elementor-element-populated\">\n\t\t\t\t\t\t<div class=\"elementor-element elementor-element-a8d362a elementor-widget elementor-widget-heading\" data-id=\"a8d362a\" data-element_type=\"widget\" data-e-type=\"widget\" data-widget_type=\"heading.default\">\n\t\t\t\t<div class=\"elementor-widget-container\">\n\t\t\t\t\t<h2 class=\"elementor-heading-title elementor-size-default\">Newsletter<\/h2>\t\t\t\t<\/div>\n\t\t\t\t<\/div>\n\t\t\t\t<div class=\"elementor-element elementor-element-0b82181 stax-condition-yes stax-user_meta_enabled-yes elementor-widget elementor-widget-text-editor\" data-id=\"0b82181\" data-element_type=\"widget\" data-e-type=\"widget\" data-widget_type=\"text-editor.default\">\n\t\t\t\t<div class=\"elementor-widget-container\">\n\t\t\t\t\t\t\t\t\tCh\u0119tnie poinformujemy Pa\u0144stwa naszym newsletterem. Tutaj mog\u0105 Pa\u0144stwo zarejestrowa\u0107 si\u0119 do newslettera. Aby zweryfikowa\u0107 sw\u00f3j adres e-mail, otrzymaj\u0105 Pa\u0144stwo wiadomo\u015b\u0107 e-mail potwierdzaj\u0105c\u0105 poprawno\u015b\u0107 rejestracji. Zapisuj\u0105c si\u0119, jednocze\u015bnie wyra\u017caj\u0105 Pa\u0144stwo zgod\u0119 na o\u015bwiadczenie o ochronie danych w zwi\u0105zku z subskrypcj\u0105 newslettera.\t\t\t\t\t\t\t\t<\/div>\n\t\t\t\t<\/div>\n\t\t\t\t<div class=\"elementor-element elementor-element-5c6374f2 elementor-widget elementor-widget-text-editor\" data-id=\"5c6374f2\" data-element_type=\"widget\" data-e-type=\"widget\" data-widget_type=\"text-editor.default\">\n\t\t\t\t<div class=\"elementor-widget-container\">\n\t\t\t\t\t\t\t\t\t\n\n\n<p><\/p>\n\t\t\t\t\t\t\t\t<\/div>\n\t\t\t\t<\/div>\n\t\t\t\t\t<\/div>\n\t\t<\/div>\n\t\t\t\t\t<\/div>\n\t\t<\/section>\n\t\t\t\t<\/div>","protected":false},"excerpt":{"rendered":"<p>Newsletter Gerne informieren wir Sie mit unserem Newsletter. Hier k\u00f6nnen Sie sich zum Newsletter anmelden. Zur Verifizierung Ihrer Email-Adresse erhalten Sie eine Mail, um die Richtigkeit Ihrer Anmeldung zu best\u00e4tigen. Mit der Abonnierung erkl\u00e4ren Sie gleichzeitig Ihr Einverst\u00e4ndnis mit der Datenschutzerkl\u00e4rung zum Newsletterabonnement. Sie sind f\u00fcr unseren Newsletter eingetragen. Falls Sie diesen wieder abbestellen m\u00f6chten, [&hellip;]<\/p>\n","protected":false},"author":1,"featured_media":0,"parent":7912,"menu_order":0,"comment_status":"closed","ping_status":"closed","template":"","meta":{"_acf_changed":false,"inline_featured_image":false,"footnotes":""},"tags":[],"class_list":["post-15764","page","type-page","status-publish","hentry"],"acf":[],"_links":{"self":[{"href":"https:\/\/www.dicota.club\/pl\/wp-json\/wp\/v2\/pages\/15764","targetHints":{"allow":["GET"]}}],"collection":[{"href":"https:\/\/www.dicota.club\/pl\/wp-json\/wp\/v2\/pages"}],"about":[{"href":"https:\/\/www.dicota.club\/pl\/wp-json\/wp\/v2\/types\/page"}],"author":[{"embeddable":true,"href":"https:\/\/www.dicota.club\/pl\/wp-json\/wp\/v2\/users\/1"}],"replies":[{"embeddable":true,"href":"https:\/\/www.dicota.club\/pl\/wp-json\/wp\/v2\/comments?post=15764"}],"version-history":[{"count":18,"href":"https:\/\/www.dicota.club\/pl\/wp-json\/wp\/v2\/pages\/15764\/revisions"}],"predecessor-version":[{"id":15782,"href":"https:\/\/www.dicota.club\/pl\/wp-json\/wp\/v2\/pages\/15764\/revisions\/15782"}],"up":[{"embeddable":true,"href":"https:\/\/www.dicota.club\/pl\/wp-json\/wp\/v2\/pages\/7912"}],"wp:attachment":[{"href":"https:\/\/www.dicota.club\/pl\/wp-json\/wp\/v2\/media?parent=15764"}],"wp:term":[{"taxonomy":"post_tag","embeddable":true,"href":"https:\/\/www.dicota.club\/pl\/wp-json\/wp\/v2\/tags?post=15764"}],"curies":[{"name":"wp","href":"https:\/\/api.w.org\/{rel}","templated":true}]}}