{"id":2401,"date":"2021-10-05T13:21:04","date_gmt":"2021-10-05T13:21:04","guid":{"rendered":"http:\/\/dicotaclub.lovebytes.de\/?page_id=2401"},"modified":"2022-07-29T13:59:36","modified_gmt":"2022-07-29T11:59:36","slug":"myclimate","status":"publish","type":"page","link":"https:\/\/www.dicota.club\/pl\/sklep\/myclimate\/","title":{"rendered":"myclimate Shop"},"content":{"rendered":"<div data-elementor-type=\"wp-page\" data-elementor-id=\"2401\" class=\"elementor elementor-2401\" data-elementor-post-type=\"page\">\n\t\t\t\t\t\t<section class=\"elementor-section elementor-top-section elementor-element elementor-element-096ced7 elementor-section-boxed elementor-section-height-default elementor-section-height-default\" data-id=\"096ced7\" data-element_type=\"section\" data-e-type=\"section\">\n\t\t\t\t\t\t<div class=\"elementor-container elementor-column-gap-default\">\n\t\t\t\t\t<div class=\"elementor-column elementor-col-100 elementor-top-column elementor-element elementor-element-07a23ec\" data-id=\"07a23ec\" data-element_type=\"column\" data-e-type=\"column\">\n\t\t\t<div class=\"elementor-widget-wrap elementor-element-populated\">\n\t\t\t\t\t\t<div class=\"elementor-element elementor-element-c937357 elementor-widget elementor-widget-image\" data-id=\"c937357\" data-element_type=\"widget\" data-e-type=\"widget\" id=\"banner-400\" data-widget_type=\"image.default\">\n\t\t\t\t<div class=\"elementor-widget-container\">\n\t\t\t\t\t\t\t\t\t\t\t\t\t\t\t<img fetchpriority=\"high\" decoding=\"async\" width=\"1400\" height=\"400\" src=\"https:\/\/www.dicota.club\/wp-content\/uploads\/2021\/10\/eco-banner_top-traveller.jpg\" class=\"attachment-full size-full wp-image-7828\" alt=\"\" srcset=\"https:\/\/www.dicota.club\/wp-content\/uploads\/2021\/10\/eco-banner_top-traveller.jpg 1400w, https:\/\/www.dicota.club\/wp-content\/uploads\/2021\/10\/eco-banner_top-traveller-300x86.jpg 300w, https:\/\/www.dicota.club\/wp-content\/uploads\/2021\/10\/eco-banner_top-traveller-1024x293.jpg 1024w, https:\/\/www.dicota.club\/wp-content\/uploads\/2021\/10\/eco-banner_top-traveller-768x219.jpg 768w\" sizes=\"(max-width: 1400px) 100vw, 1400px\" \/>\t\t\t\t\t\t\t\t\t\t\t\t\t\t\t<\/div>\n\t\t\t\t<\/div>\n\t\t\t\t<div class=\"elementor-element elementor-element-4446269 elementor-widget elementor-widget-heading\" data-id=\"4446269\" data-element_type=\"widget\" data-e-type=\"widget\" data-widget_type=\"heading.default\">\n\t\t\t\t<div class=\"elementor-widget-container\">\n\t\t\t\t\t<h2 class=\"elementor-heading-title elementor-size-default\">Punkty za zr\u00f3wnowa\u017cony rozw\u00f3j<\/h2>\t\t\t\t<\/div>\n\t\t\t\t<\/div>\n\t\t\t\t<div class=\"elementor-element elementor-element-3d9e64f elementor-widget elementor-widget-text-editor\" data-id=\"3d9e64f\" data-element_type=\"widget\" data-e-type=\"widget\" data-widget_type=\"text-editor.default\">\n\t\t\t\t<div class=\"elementor-widget-container\">\n\t\t\t\t\t\t\t\t\t<p>Zr\u00f3wnowa\u017cony rozw\u00f3j jest w centrum naszego my\u015blenia. Od <a href=\"https:\/\/www.dicota.com\/ch_de\/design\">Projekt<\/a>o <a href=\"https:\/\/www.dicota.com\/ch_de\/social-responsibility\">Produkcja<\/a> na sprzeda\u017c i nie tylko!<\/p>\t\t\t\t\t\t\t\t<\/div>\n\t\t\t\t<\/div>\n\t\t\t\t<section class=\"elementor-section elementor-inner-section elementor-element elementor-element-c58e6a5 elementor-section-boxed elementor-section-height-default elementor-section-height-default\" data-id=\"c58e6a5\" data-element_type=\"section\" data-e-type=\"section\">\n\t\t\t\t\t\t<div class=\"elementor-container elementor-column-gap-default\">\n\t\t\t\t\t<div class=\"elementor-column elementor-col-50 elementor-inner-column elementor-element elementor-element-a9252ee\" data-id=\"a9252ee\" data-element_type=\"column\" data-e-type=\"column\">\n\t\t\t<div class=\"elementor-widget-wrap elementor-element-populated\">\n\t\t\t\t\t\t<div class=\"elementor-element elementor-element-dc5b156 elementor-widget elementor-widget-text-editor\" data-id=\"dc5b156\" data-element_type=\"widget\" data-e-type=\"widget\" id=\"justify\" data-widget_type=\"text-editor.default\">\n\t\t\t\t<div class=\"elementor-widget-container\">\n\t\t\t\t\t\t\t\t\t<p>Has\u0142o marki \"Protect Your World\" nie tylko oznacza doskona\u0142\u0105 funkcj\u0119 ochronn\u0105 naszych toreb. Opr\u00f3cz nagr\u00f3d, punkty klubowe mo\u017cna r\u00f3wnie\u017c wykorzysta\u0107 do ochrony \u015brodowiska.<\/p><p>W ten spos\u00f3b 100% warto\u015bci postawionych przez Pa\u0144stwa punkt\u00f3w zostanie przekazane w Pa\u0144stwa imieniu naszemu partnerowi non-profit <a href=\"https:\/\/www.myclimate.org\/de\/\">myclimate<\/a>. Otrzymaj\u0105 Pa\u0144stwo potwierdzenie e-mailem bezpo\u015brednio od myclimate.<\/p>\t\t\t\t\t\t\t\t<\/div>\n\t\t\t\t<\/div>\n\t\t\t\t\t<\/div>\n\t\t<\/div>\n\t\t\t\t<div class=\"elementor-column elementor-col-50 elementor-inner-column elementor-element elementor-element-fdbefd2\" data-id=\"fdbefd2\" data-element_type=\"column\" data-e-type=\"column\">\n\t\t\t<div class=\"elementor-widget-wrap elementor-element-populated\">\n\t\t\t\t\t\t<div class=\"elementor-element elementor-element-e55c8b3 elementor-widget elementor-widget-image\" data-id=\"e55c8b3\" data-element_type=\"widget\" data-e-type=\"widget\" data-widget_type=\"image.default\">\n\t\t\t\t<div class=\"elementor-widget-container\">\n\t\t\t\t\t\t\t\t\t\t\t\t\t\t\t<img decoding=\"async\" width=\"300\" height=\"300\" src=\"https:\/\/www.dicota.club\/wp-content\/uploads\/2021\/01\/myclimate.svg\" class=\"attachment-medium size-medium wp-image-2405\" alt=\"\" \/>\t\t\t\t\t\t\t\t\t\t\t\t\t\t\t<\/div>\n\t\t\t\t<\/div>\n\t\t\t\t\t<\/div>\n\t\t<\/div>\n\t\t\t\t\t<\/div>\n\t\t<\/section>\n\t\t\t\t<div class=\"elementor-element elementor-element-7b6ef5d elementor-widget elementor-widget-spacer\" data-id=\"7b6ef5d\" data-element_type=\"widget\" data-e-type=\"widget\" data-widget_type=\"spacer.default\">\n\t\t\t\t<div class=\"elementor-widget-container\">\n\t\t\t\t\t\t\t<div class=\"elementor-spacer\">\n\t\t\t<div class=\"elementor-spacer-inner\"><\/div>\n\t\t<\/div>\n\t\t\t\t\t\t<\/div>\n\t\t\t\t<\/div>\n\t\t\t\t<div class=\"elementor-element elementor-element-afaa50b elementor-icon-list--layout-traditional elementor-list-item-link-full_width elementor-widget elementor-widget-icon-list\" data-id=\"afaa50b\" data-element_type=\"widget\" data-e-type=\"widget\" data-widget_type=\"icon-list.default\">\n\t\t\t\t<div class=\"elementor-widget-container\">\n\t\t\t\t\t\t\t<ul class=\"elementor-icon-list-items\">\n\t\t\t\t\t\t\t<li class=\"elementor-icon-list-item\">\n\t\t\t\t\t\t\t\t\t\t\t<span class=\"elementor-icon-list-icon\">\n\t\t\t\t\t\t\t<i aria-hidden=\"true\" class=\"fas fa-info-circle\"><\/i>\t\t\t\t\t\t<\/span>\n\t\t\t\t\t\t\t\t\t\t<span class=\"elementor-icon-list-text\">Prosz\u0119 wprowadzi\u0107 \u017c\u0105dany numer i klikn\u0105\u0107 <strong>'Prosz\u0119 wybra\u0107<\/strong>.<\/span>\n\t\t\t\t\t\t\t\t\t<\/li>\n\t\t\t\t\t\t\t\t<li class=\"elementor-icon-list-item\">\n\t\t\t\t\t\t\t\t\t\t\t<span class=\"elementor-icon-list-icon\">\n\t\t\t\t\t\t\t<i aria-hidden=\"true\" class=\"fas fa-info-circle\"><\/i>\t\t\t\t\t\t<\/span>\n\t\t\t\t\t\t\t\t\t\t<span class=\"elementor-icon-list-text\">Prosz\u0119 wprowadzi\u0107 jedno zam\u00f3wienie na przedmiot. Mog\u0105 Pa\u0144stwo r\u00f3wnie\u017c z\u0142o\u017cy\u0107 kilka zam\u00f3wie\u0144.<\/span>\n\t\t\t\t\t\t\t\t\t<\/li>\n\t\t\t\t\t\t\t\t<li class=\"elementor-icon-list-item\">\n\t\t\t\t\t\t\t\t\t\t\t<span class=\"elementor-icon-list-icon\">\n\t\t\t\t\t\t\t<i aria-hidden=\"true\" class=\"fas fa-info-circle\"><\/i>\t\t\t\t\t\t<\/span>\n\t\t\t\t\t\t\t\t\t\t<span class=\"elementor-icon-list-text\">Pa\u0144stwa wk\u0142ad w rekompensat\u0119 CO2 jest dokonywany na Pa\u0144stwa nazwisko (np. Abc AG, Pan Max Muster).<br>Je\u015bli wol\u0105 Pa\u0144stwo inn\u0105 dedykacj\u0119, mog\u0105 Pa\u0144stwo poinformowa\u0107 nas o tym na nast\u0119pnej stronie w sekcji <strong>'Uwagi'<\/strong> udzia\u0142.<\/span>\n\t\t\t\t\t\t\t\t\t<\/li>\n\t\t\t\t\t\t<\/ul>\n\t\t\t\t\t\t<\/div>\n\t\t\t\t<\/div>\n\t\t\t\t<div class=\"elementor-element elementor-element-d200452 elementor-widget elementor-widget-spacer\" data-id=\"d200452\" data-element_type=\"widget\" data-e-type=\"widget\" data-widget_type=\"spacer.default\">\n\t\t\t\t<div class=\"elementor-widget-container\">\n\t\t\t\t\t\t\t<div class=\"elementor-spacer\">\n\t\t\t<div class=\"elementor-spacer-inner\"><\/div>\n\t\t<\/div>\n\t\t\t\t\t\t<\/div>\n\t\t\t\t<\/div>\n\t\t\t\t\t<\/div>\n\t\t<\/div>\n\t\t\t\t\t<\/div>\n\t\t<\/section>\n\t\t\t\t<section class=\"elementor-section elementor-top-section elementor-element elementor-element-b3e5d54 elementor-section-boxed elementor-section-height-default elementor-section-height-default\" data-id=\"b3e5d54\" data-element_type=\"section\" data-e-type=\"section\">\n\t\t\t\t\t\t<div class=\"elementor-container elementor-column-gap-default\">\n\t\t\t\t\t<div class=\"elementor-column elementor-col-100 elementor-top-column elementor-element elementor-element-69f22b1\" data-id=\"69f22b1\" data-element_type=\"column\" data-e-type=\"column\">\n\t\t\t<div class=\"elementor-widget-wrap elementor-element-populated\">\n\t\t\t\t\t\t<div class=\"elementor-element elementor-element-5bab419 elementor-widget elementor-widget-shortcode\" data-id=\"5bab419\" data-element_type=\"widget\" data-e-type=\"widget\" data-widget_type=\"shortcode.default\">\n\t\t\t\t<div class=\"elementor-widget-container\">\n\t\t\t\t\t\t\t<div class=\"elementor-shortcode\">        \n        \n        <table class=\"download-table award-table mt-4\" style=\"width: 100%; border: none;\">\n        <colgroup>\n            <col width=\"150\" \/>\n            <col width=\"\" \/>\n            <col width=\"20%\" \/>\n            <col width=\"30%\" \/>\n          <\/colgroup>\n          <thead>\n              <tr>\n              <th colspan=\"2\" class=\"pb-5\">\n              <h2 style='font-size: 1.6em; margin: 0.2em 0; text-align: right'>Pa\u0144stwa punkty:<\/h2>              <div id=\"label_order_sum\"><h3 style='font-size: 1.2em; margin: 0.2em 0; text-align: right'>Pa\u0144stwa zam\u00f3wienie:<\/h3><\/div>\n              <div id=\"label_points_after_order_sum\"><h3 style='font-size: 1.2em; margin: 0.2em 0; text-align: right'>Pozosta\u0142e punkty:<\/h3><\/div>\n              <\/th>\n              <th colspan=\"1\" class=\"pb-5\">\n              <h2 style='font-size: 1.6em; margin: 0.2em 0; text-align: right'>450<\/h2>              <div id=\"points_sum\" style=\"display: none\">450<\/div>\n              <div id=\"order_sum\"><h3 style='font-size: 1.2em; margin: 0.2em 0; text-align: right'>0<\/h3><\/div>\n              <div id=\"points_after_order_sum\"><h3 style='font-size: 1.2em; margin: 0.2em 0; text-align: right'>450<\/h3><\/div>\n              <\/th>\n            <th><\/th>\n              <\/tr>\n              <tr>\n                <th colspan=\"1\" class=\"py-0\">Premium<\/th>\n                <th colspan=\"1\" class=\"py-0\">Opis<\/th>\n                  <th colspan=\"1\" class=\"py-0 text-right\">Punkty<\/th>\n                <th class=\"text-right\"><\/th>\n              <\/tr>\n          <\/thead>\n        <tbody>\n        <tr><td><a href=\"https:\/\/www.dicota.club\/wp-content\/uploads\/2021\/01\/large.jpg\" rel=\"wp-video-lightbox\"><img decoding=\"async\" src=\"https:\/\/www.dicota.club\/wp-content\/uploads\/2021\/01\/large-150x150.jpg\" width=\"100\" \/><\/a><\/td><td><h3>Kompensacja 2000 kg CO\u00b2<\/h3>\n            <p>Myclimate wykorzystuje ca\u0142\u0105 r\u00f3wnowa\u017cn\u0105 warto\u015b\u0107 punkt\u00f3w, aby zr\u00f3wnowa\u017cy\u0107 oko\u0142o 2000 kg emisji CO\u00b2.\r\n<br>\r\n<a href=\"https:\/\/www.myclimate.org\/de\/informieren\/ueber-uns\/mittelverwendung\/\" target=\"_blank\" rel=\"noopener\">Prosz\u0119 dowiedzie\u0107 si\u0119 wi\u0119cej<\/a><\/p>\n            <\/td><td class='text-right'><h2 class='text-right'>2.850<\/h2><\/td><td class=\"text-right\">\n                    <input type=\"number\" readonly class=\"disabled order-count\" name=\"\" title=\"Zbierz jeszcze wi\u0119cej punkt\u00f3w, aby m\u00f3c wybra\u0107 t\u0119 nagrod\u0119\" min=\"0\" step=\"1\" value=\"0\" style=\"width: 50%; display: inline-block\"\/> <span class=\"disabled\">Szt.<span> \n                    <input type=\"submit\" readonly class=\"order-submit button disabled\" name=\"\" title=\"Zbierz jeszcze wi\u0119cej punkt\u00f3w, aby m\u00f3c wybra\u0107 t\u0119 nagrod\u0119\" value=\"Wybierz\">\n                <\/td><\/tr><tr><td><a href=\"https:\/\/www.dicota.club\/wp-content\/uploads\/2021\/01\/medium.jpg\" rel=\"wp-video-lightbox\"><img decoding=\"async\" src=\"https:\/\/www.dicota.club\/wp-content\/uploads\/2021\/01\/medium-150x150.jpg\" width=\"100\" \/><\/a><\/td><td><h3>Kompensacja 1000 kg CO\u00b2<\/h3>\n            <p>Myclimate wykorzystuje ca\u0142\u0105 r\u00f3wnowa\u017cn\u0105 warto\u015b\u0107 punkt\u00f3w, aby zr\u00f3wnowa\u017cy\u0107 oko\u0142o 1000 kg emisji CO\u00b2.\r\n<br>\r\n<a href=\"https:\/\/www.myclimate.org\/de\/informieren\/ueber-uns\/mittelverwendung\/\" target=\"_blank\" rel=\"noopener\">Prosz\u0119 dowiedzie\u0107 si\u0119 wi\u0119cej<\/a><\/p>\n            <\/td><td class='text-right'><h2 class='text-right'>1.450<\/h2><\/td><td class=\"text-right\">\n                    <input type=\"number\" readonly class=\"disabled order-count\" name=\"\" title=\"Zbierz jeszcze wi\u0119cej punkt\u00f3w, aby m\u00f3c wybra\u0107 t\u0119 nagrod\u0119\" min=\"0\" step=\"1\" value=\"0\" style=\"width: 50%; display: inline-block\"\/> <span class=\"disabled\">Szt.<span> \n                    <input type=\"submit\" readonly class=\"order-submit button disabled\" name=\"\" title=\"Zbierz jeszcze wi\u0119cej punkt\u00f3w, aby m\u00f3c wybra\u0107 t\u0119 nagrod\u0119\" value=\"Wybierz\">\n                <\/td><\/tr><tr><td><a href=\"https:\/\/www.dicota.club\/wp-content\/uploads\/2021\/01\/small.jpg\" rel=\"wp-video-lightbox\"><img decoding=\"async\" src=\"https:\/\/www.dicota.club\/wp-content\/uploads\/2021\/01\/small-150x150.jpg\" width=\"100\" \/><\/a><\/td><td><h3>Kompensacja 500 kg CO\u00b2<\/h3>\n            <p>Myclimate wykorzystuje ca\u0142\u0105 r\u00f3wnowa\u017cn\u0105 warto\u015b\u0107 punkt\u00f3w, aby zr\u00f3wnowa\u017cy\u0107 oko\u0142o 500 kg emisji CO\u00b2.\r\n<br>\r\n<a href=\"https:\/\/www.myclimate.org\/de\/informieren\/ueber-uns\/mittelverwendung\/\" target=\"_blank\" rel=\"noopener\">Prosz\u0119 dowiedzie\u0107 si\u0119 wi\u0119cej<\/a><\/p>\n            <\/td><td class='text-right'><h2 class='text-right'>700<\/h2><\/td><td class=\"text-right\">\n                    <input type=\"number\" readonly class=\"disabled order-count\" name=\"\" title=\"Zbierz jeszcze wi\u0119cej punkt\u00f3w, aby m\u00f3c wybra\u0107 t\u0119 nagrod\u0119\" min=\"0\" step=\"1\" value=\"0\" style=\"width: 50%; display: inline-block\"\/> <span class=\"disabled\">Szt.<span> \n                    <input type=\"submit\" readonly class=\"order-submit button disabled\" name=\"\" title=\"Zbierz jeszcze wi\u0119cej punkt\u00f3w, aby m\u00f3c wybra\u0107 t\u0119 nagrod\u0119\" value=\"Wybierz\">\n                <\/td><\/tr>        <\/tbody>\n        <\/table>\n        <\/form>\n        \n        \n        <script type=\"text\/javascript\">\n        jQuery('.button.dropdown').on('click',function(){ jQuery('#last-orders').slideToggle(); jQuery(this).toggleClass('active') });\n        <\/script>\n            \n \n        <\/div>\n\t\t\t\t\t\t<\/div>\n\t\t\t\t<\/div>\n\t\t\t\t<div class=\"elementor-element elementor-element-98190bd elementor-widget elementor-widget-spacer\" data-id=\"98190bd\" data-element_type=\"widget\" data-e-type=\"widget\" data-widget_type=\"spacer.default\">\n\t\t\t\t<div class=\"elementor-widget-container\">\n\t\t\t\t\t\t\t<div class=\"elementor-spacer\">\n\t\t\t<div class=\"elementor-spacer-inner\"><\/div>\n\t\t<\/div>\n\t\t\t\t\t\t<\/div>\n\t\t\t\t<\/div>\n\t\t\t\t\t<\/div>\n\t\t<\/div>\n\t\t\t\t\t<\/div>\n\t\t<\/section>\n\t\t\t\t<section class=\"elementor-section elementor-top-section elementor-element elementor-element-80864f7 elementor-section-stretched elementor-section-boxed elementor-section-height-default elementor-section-height-default\" data-id=\"80864f7\" data-element_type=\"section\" data-e-type=\"section\" data-settings=\"{&quot;stretch_section&quot;:&quot;section-stretched&quot;,&quot;background_background&quot;:&quot;classic&quot;}\">\n\t\t\t\t\t\t<div class=\"elementor-container elementor-column-gap-default\">\n\t\t\t\t\t<div class=\"elementor-column elementor-col-100 elementor-top-column elementor-element elementor-element-29a8d81\" data-id=\"29a8d81\" data-element_type=\"column\" data-e-type=\"column\">\n\t\t\t<div class=\"elementor-widget-wrap elementor-element-populated\">\n\t\t\t\t\t\t<div class=\"elementor-element elementor-element-d8ecf8e elementor-widget elementor-widget-spacer\" data-id=\"d8ecf8e\" data-element_type=\"widget\" data-e-type=\"widget\" data-widget_type=\"spacer.default\">\n\t\t\t\t<div class=\"elementor-widget-container\">\n\t\t\t\t\t\t\t<div class=\"elementor-spacer\">\n\t\t\t<div class=\"elementor-spacer-inner\"><\/div>\n\t\t<\/div>\n\t\t\t\t\t\t<\/div>\n\t\t\t\t<\/div>\n\t\t\t\t<div class=\"elementor-element elementor-element-bd02909 elementor-widget elementor-widget-heading\" data-id=\"bd02909\" data-element_type=\"widget\" data-e-type=\"widget\" data-widget_type=\"heading.default\">\n\t\t\t\t<div class=\"elementor-widget-container\">\n\t\t\t\t\t<h6 class=\"elementor-heading-title elementor-size-default\">Odpowiednie strony:<\/h6>\t\t\t\t<\/div>\n\t\t\t\t<\/div>\n\t\t\t\t<section class=\"elementor-section elementor-inner-section elementor-element elementor-element-a12a538 elementor-section-full_width elementor-section-height-default elementor-section-height-default\" data-id=\"a12a538\" data-element_type=\"section\" data-e-type=\"section\">\n\t\t\t\t\t\t<div class=\"elementor-container elementor-column-gap-default\">\n\t\t\t\t\t<div class=\"elementor-column elementor-col-50 elementor-inner-column elementor-element elementor-element-fce80dc\" data-id=\"fce80dc\" data-element_type=\"column\" data-e-type=\"column\">\n\t\t\t<div class=\"elementor-widget-wrap elementor-element-populated\">\n\t\t\t\t\t\t<div class=\"elementor-element elementor-element-e886dd6 elementor-cta--layout-image-right elementor-cta--skin-classic elementor-animated-content elementor-widget elementor-widget-call-to-action\" data-id=\"e886dd6\" data-element_type=\"widget\" data-e-type=\"widget\" data-widget_type=\"call-to-action.default\">\n\t\t\t\t<div class=\"elementor-widget-container\">\n\t\t\t\t\t\t\t<a class=\"elementor-cta\" href=\"https:\/\/www.dicota.club\/pl\/sklep\/myclimate\/\">\n\t\t\t\t\t<div class=\"elementor-cta__bg-wrapper\">\n\t\t\t\t<div class=\"elementor-cta__bg elementor-bg\" style=\"background-image: url(https:\/\/www.dicota.club\/wp-content\/uploads\/2021\/11\/banner_kickback.jpg);\" role=\"img\" aria-label=\"banner_kickback\"><\/div>\n\t\t\t\t<div class=\"elementor-cta__bg-overlay\"><\/div>\n\t\t\t<\/div>\n\t\t\t\t\t\t\t<div class=\"elementor-cta__content\">\n\t\t\t\t\n\t\t\t\t\t\t\t\t\t<h3 class=\"elementor-cta__title elementor-cta__content-item elementor-content-item\">\n\t\t\t\t\t\tBonus Kick-Back\t\t\t\t\t<\/h3>\n\t\t\t\t\n\t\t\t\t\t\t\t\t\t<div class=\"elementor-cta__description elementor-cta__content-item elementor-content-item\">\n\t\t\t\t\t\tZebrane punkty zostan\u0105 bezpo\u015brednio przelane na Pa\u0144stwa konto firmowe.\t\t\t\t\t<\/div>\n\t\t\t\t\n\t\t\t\t\t\t\t<\/div>\n\t\t\t\t\t\t<\/a>\n\t\t\t\t\t\t<\/div>\n\t\t\t\t<\/div>\n\t\t\t\t\t<\/div>\n\t\t<\/div>\n\t\t\t\t<div class=\"elementor-column elementor-col-50 elementor-inner-column elementor-element elementor-element-d176c58\" data-id=\"d176c58\" data-element_type=\"column\" data-e-type=\"column\">\n\t\t\t<div class=\"elementor-widget-wrap elementor-element-populated\">\n\t\t\t\t\t\t<div class=\"elementor-element elementor-element-8383657 elementor-cta--layout-image-right elementor-cta--skin-classic elementor-animated-content elementor-widget elementor-widget-call-to-action\" data-id=\"8383657\" data-element_type=\"widget\" data-e-type=\"widget\" data-widget_type=\"call-to-action.default\">\n\t\t\t\t<div class=\"elementor-widget-container\">\n\t\t\t\t\t\t\t<a class=\"elementor-cta\" href=\"https:\/\/www.dicota.club\/pl\/wsparcie\/sprzedaz\/\">\n\t\t\t\t\t<div class=\"elementor-cta__bg-wrapper\">\n\t\t\t\t<div class=\"elementor-cta__bg elementor-bg\" style=\"background-image: url(https:\/\/www.dicota.club\/wp-content\/uploads\/2021\/10\/5616408-1024x764.jpg);\" role=\"img\" aria-label=\"5616408\"><\/div>\n\t\t\t\t<div class=\"elementor-cta__bg-overlay\"><\/div>\n\t\t\t<\/div>\n\t\t\t\t\t\t\t<div class=\"elementor-cta__content\">\n\t\t\t\t\n\t\t\t\t\t\t\t\t\t<h3 class=\"elementor-cta__title elementor-cta__content-item elementor-content-item\">\n\t\t\t\t\t\tJak to zrobi\u0107\t\t\t\t\t<\/h3>\n\t\t\t\t\n\t\t\t\t\t\t\t\t\t<div class=\"elementor-cta__description elementor-cta__content-item elementor-content-item\">\n\t\t\t\t\t\tProsz\u0119 dowiedzie\u0107 si\u0119, jak najlepiej wykorzysta\u0107 program punktowy DICOTA Club.\t\t\t\t\t<\/div>\n\t\t\t\t\n\t\t\t\t\t\t\t<\/div>\n\t\t\t\t\t\t<\/a>\n\t\t\t\t\t\t<\/div>\n\t\t\t\t<\/div>\n\t\t\t\t\t<\/div>\n\t\t<\/div>\n\t\t\t\t\t<\/div>\n\t\t<\/section>\n\t\t\t\t<div class=\"elementor-element elementor-element-73a6724 elementor-widget elementor-widget-spacer\" data-id=\"73a6724\" data-element_type=\"widget\" data-e-type=\"widget\" data-widget_type=\"spacer.default\">\n\t\t\t\t<div class=\"elementor-widget-container\">\n\t\t\t\t\t\t\t<div class=\"elementor-spacer\">\n\t\t\t<div class=\"elementor-spacer-inner\"><\/div>\n\t\t<\/div>\n\t\t\t\t\t\t<\/div>\n\t\t\t\t<\/div>\n\t\t\t\t\t<\/div>\n\t\t<\/div>\n\t\t\t\t\t<\/div>\n\t\t<\/section>\n\t\t\t\t<\/div>","protected":false},"excerpt":{"rendered":"<p>Punkte f\u00fcr die Nachhaltigkeit Nachhaltigkeit ist der Mittelpunkt unseres Denkens. Vom Design, \u00fcber die Herstellung zum Verkauf und dar\u00fcber hinaus! Der Brand-Slogan &#8222;Protect Your World&#8220; steht nicht nur f\u00fcr die ausgezeichnete Schutzfunktion unserer Taschen. Club Punkte k\u00f6nnen neben Pr\u00e4mien auch zum Erhalt Ihrer Umwelt eingesetzt werden. Dabei gehen 100% des Wertes Ihrer eingesetzten Punkte in [&hellip;]<\/p>\n","protected":false},"author":1,"featured_media":0,"parent":7860,"menu_order":0,"comment_status":"closed","ping_status":"closed","template":"","meta":{"_acf_changed":false,"inline_featured_image":false,"footnotes":""},"tags":[],"class_list":["post-2401","page","type-page","status-publish","hentry"],"acf":[],"_links":{"self":[{"href":"https:\/\/www.dicota.club\/pl\/wp-json\/wp\/v2\/pages\/2401","targetHints":{"allow":["GET"]}}],"collection":[{"href":"https:\/\/www.dicota.club\/pl\/wp-json\/wp\/v2\/pages"}],"about":[{"href":"https:\/\/www.dicota.club\/pl\/wp-json\/wp\/v2\/types\/page"}],"author":[{"embeddable":true,"href":"https:\/\/www.dicota.club\/pl\/wp-json\/wp\/v2\/users\/1"}],"replies":[{"embeddable":true,"href":"https:\/\/www.dicota.club\/pl\/wp-json\/wp\/v2\/comments?post=2401"}],"version-history":[{"count":4,"href":"https:\/\/www.dicota.club\/pl\/wp-json\/wp\/v2\/pages\/2401\/revisions"}],"predecessor-version":[{"id":14782,"href":"https:\/\/www.dicota.club\/pl\/wp-json\/wp\/v2\/pages\/2401\/revisions\/14782"}],"up":[{"embeddable":true,"href":"https:\/\/www.dicota.club\/pl\/wp-json\/wp\/v2\/pages\/7860"}],"wp:attachment":[{"href":"https:\/\/www.dicota.club\/pl\/wp-json\/wp\/v2\/media?parent=2401"}],"wp:term":[{"taxonomy":"post_tag","embeddable":true,"href":"https:\/\/www.dicota.club\/pl\/wp-json\/wp\/v2\/tags?post=2401"}],"curies":[{"name":"wp","href":"https:\/\/api.w.org\/{rel}","templated":true}]}}