{"id":2531,"date":"2021-01-12T09:56:33","date_gmt":"2021-01-12T08:56:33","guid":{"rendered":"http:\/\/dicotaclub.lovebytes.de\/?page_id=2531"},"modified":"2022-09-26T10:37:48","modified_gmt":"2022-09-26T08:37:48","slug":"sprzedaz","status":"publish","type":"page","link":"https:\/\/www.dicota.club\/pl\/wsparcie\/sprzedaz\/","title":{"rendered":"Wsparcie projektu i sprzeda\u017cy"},"content":{"rendered":"<div data-elementor-type=\"wp-page\" data-elementor-id=\"2531\" class=\"elementor elementor-2531\" data-elementor-post-type=\"page\">\n\t\t\t\t\t\t<section class=\"elementor-section elementor-top-section elementor-element elementor-element-3e4a7be0 elementor-section-boxed elementor-section-height-default elementor-section-height-default\" data-id=\"3e4a7be0\" data-element_type=\"section\" data-e-type=\"section\">\n\t\t\t\t\t\t<div class=\"elementor-container elementor-column-gap-default\">\n\t\t\t\t\t<div class=\"elementor-column elementor-col-100 elementor-top-column elementor-element elementor-element-15878e6b\" data-id=\"15878e6b\" data-element_type=\"column\" data-e-type=\"column\">\n\t\t\t<div class=\"elementor-widget-wrap elementor-element-populated\">\n\t\t\t\t\t\t<div class=\"elementor-element elementor-element-498f7b51 elementor-widget elementor-widget-heading\" data-id=\"498f7b51\" data-element_type=\"widget\" data-e-type=\"widget\" data-widget_type=\"heading.default\">\n\t\t\t\t<div class=\"elementor-widget-container\">\n\t\t\t\t\t<h2 class=\"elementor-heading-title elementor-size-default\">Wsparcie projektu i sprzeda\u017cy<\/h2>\t\t\t\t<\/div>\n\t\t\t\t<\/div>\n\t\t\t\t\t<\/div>\n\t\t<\/div>\n\t\t\t\t\t<\/div>\n\t\t<\/section>\n\t\t\t\t<section class=\"elementor-section elementor-top-section elementor-element elementor-element-2dda901c elementor-section-boxed elementor-section-height-default elementor-section-height-default\" data-id=\"2dda901c\" data-element_type=\"section\" data-e-type=\"section\">\n\t\t\t\t\t\t<div class=\"elementor-container elementor-column-gap-default\">\n\t\t\t\t\t<div class=\"elementor-column elementor-col-100 elementor-top-column elementor-element elementor-element-3d43ca27\" data-id=\"3d43ca27\" data-element_type=\"column\" data-e-type=\"column\">\n\t\t\t<div class=\"elementor-widget-wrap elementor-element-populated\">\n\t\t\t\t\t\t<div class=\"elementor-element elementor-element-51c057af elementor-widget elementor-widget-text-editor\" data-id=\"51c057af\" data-element_type=\"widget\" data-e-type=\"widget\" data-widget_type=\"text-editor.default\">\n\t\t\t\t<div class=\"elementor-widget-container\">\n\t\t\t\t\t\t\t\t\t<p>Oczekiwania klient\u00f3w mog\u0105 by\u0107 tak r\u00f3\u017cnorodne, jak r\u00f3\u017cnorodny jest \u015bwiat DICOTA. Nasz zesp\u00f3\u0142 sprzeda\u017cy rozumie znaczenie czasu, <span style=\"letter-spacing: 0.3px; color: var( --e-global-color-text ); font-family: var( --e-global-typography-text-font-family ), Sans-serif; font-weight: var( --e-global-typography-text-font-weight );\">Cena\u00a0<\/span><span style=\"color: var( --e-global-color-text ); font-family: var( --e-global-typography-text-font-family ), Sans-serif; font-weight: var( --e-global-typography-text-font-weight ); letter-spacing: 0.02em;\">i niezawodno\u015b\u0107 w przypadku zapyta\u0144 dotycz\u0105cych projekt\u00f3w. Lokalne osoby kontaktowe z przyjemno\u015bci\u0105 pomog\u0105 Pa\u0144stwu w ka\u017cdej chwili.\u00a0<\/span><\/p>\t\t\t\t\t\t\t\t<\/div>\n\t\t\t\t<\/div>\n\t\t\t\t\t<\/div>\n\t\t<\/div>\n\t\t\t\t\t<\/div>\n\t\t<\/section>\n\t\t\t\t<section class=\"elementor-section elementor-top-section elementor-element elementor-element-5ef2a024 elementor-section-boxed elementor-section-height-default elementor-section-height-default\" data-id=\"5ef2a024\" data-element_type=\"section\" data-e-type=\"section\">\n\t\t\t\t\t\t<div class=\"elementor-container elementor-column-gap-default\">\n\t\t\t\t\t<div class=\"elementor-column elementor-col-100 elementor-top-column elementor-element elementor-element-150e98d9\" data-id=\"150e98d9\" data-element_type=\"column\" data-e-type=\"column\">\n\t\t\t<div class=\"elementor-widget-wrap elementor-element-populated\">\n\t\t\t\t\t\t<div class=\"elementor-element elementor-element-20a8214f elementor-widget elementor-widget-heading\" data-id=\"20a8214f\" data-element_type=\"widget\" data-e-type=\"widget\" data-widget_type=\"heading.default\">\n\t\t\t\t<div class=\"elementor-widget-container\">\n\t\t\t\t\t<h3 class=\"elementor-heading-title elementor-size-default\">Pa\u0144stwa kontakt handlowy<\/h3>\t\t\t\t<\/div>\n\t\t\t\t<\/div>\n\t\t\t\t\t<\/div>\n\t\t<\/div>\n\t\t\t\t\t<\/div>\n\t\t<\/section>\n\t\t\t\t<section class=\"elementor-section elementor-top-section elementor-element elementor-element-1864de62 elementor-section-boxed elementor-section-height-default elementor-section-height-default\" data-id=\"1864de62\" data-element_type=\"section\" data-e-type=\"section\">\n\t\t\t\t\t\t<div class=\"elementor-container elementor-column-gap-no\">\n\t\t\t\t\t<div class=\"elementor-column elementor-col-100 elementor-top-column elementor-element elementor-element-3783421f\" data-id=\"3783421f\" data-element_type=\"column\" data-e-type=\"column\">\n\t\t\t<div class=\"elementor-widget-wrap elementor-element-populated\">\n\t\t\t\t\t\t<section class=\"elementor-section elementor-inner-section elementor-element elementor-element-14979e48 elementor-section-boxed elementor-section-height-default elementor-section-height-default\" data-id=\"14979e48\" data-element_type=\"section\" data-e-type=\"section\">\n\t\t\t\t\t\t<div class=\"elementor-container elementor-column-gap-default\">\n\t\t\t\t\t<div class=\"elementor-column elementor-col-100 elementor-inner-column elementor-element elementor-element-4a5438c3\" data-id=\"4a5438c3\" data-element_type=\"column\" data-e-type=\"column\">\n\t\t\t<div class=\"elementor-widget-wrap elementor-element-populated\">\n\t\t\t\t\t\t<div class=\"elementor-element elementor-element-56ba4a94 elementor-widget elementor-widget-text-editor\" data-id=\"56ba4a94\" data-element_type=\"widget\" data-e-type=\"widget\" data-widget_type=\"text-editor.default\">\n\t\t\t\t<div class=\"elementor-widget-container\">\n\t\t\t\t\t\t\t\t\t<p><span style=\"color: #444444; font-family: 'Open Sans', Helvetica, Arial, sans-serif; font-size: 14px; letter-spacing: normal; background-color: #ffffff;\"><div class=\"col px-0 row card-row gx-3\">\n\t<div class=\"pl-0 col-sm-6 col-md-6 col-lg-4 col-xl-4\">\n\t<div class=\"card p-0\">\n\t<img class=\"card-img-top\" style=\"display: block; \t\tbackground-color: #fff; width: 100%; height: 350px;\t\tobject-fit: cover;\" \n\t\tsrc=\"https:\/\/www.dicota.club\/wp-content\/uploads\/2024\/03\/Sandra-Schmid_Dicota.info_-231x300.jpg\" \n\t\talt=\"\" \n\t\twidth=\"100%\" \/>\n\t<div class=\"card-body\">\n\t<h3 class=\"mb-0\">Sandra Schmid<\/h3>\n\t<p><\/p><a href=\"mailto: sandra.schmid@dct.group\"><i class=\"icon icon-mail2\"><\/i><span>sandra.schmid@dct.group<\/span><\/a><br \/>\n\t<i class=\"icon icon-phone2\"><\/i>+41 55 416 50 30<br \/>\n\t<span class=\"skype v-hidden\"><i class=\"icon icon-skype\" style=\"background-image: url(\/wp-content\/plugins\/wp-dicota\/assets\/img\/skype.svg);width: 18px;height: 18px;display: inline-block;background-size: contain;background-repeat: no-repeat;vertical-align: text-bottom;margin-right: 5px;\"><\/i><a href=\"skype:\"><\/a><\/span>\n\t    \n    <\/div>\n\t<\/div>\n\t<\/div>\n\t<div class=\"pl-0 col-sm-6 col-md-6 col-lg-4 col-xl-4\">\n\t<div class=\"card p-0\">\n\t<img class=\"card-img-top\" style=\"display: block; \t\tbackground-color: #fff; width: 100%; height: 350px;\t\tobject-fit: cover;\" \n\t\tsrc=\"https:\/\/www.dicota.club\/wp-content\/uploads\/2022\/07\/Jennifer-Haag-231x300.jpg\" \n\t\talt=\"\" \n\t\twidth=\"100%\" \/>\n\t<div class=\"card-body\">\n\t<h3 class=\"mb-0\">Jennifer Haag<\/h3>\n\t<p><\/p><a href=\"mailto: jennifer.haag@dct.group\"><i class=\"icon icon-mail2\"><\/i><span>jennifer.haag@dct.group<\/span><\/a><br \/>\n\t<i class=\"icon icon-phone2\"><\/i>+41 55 416 50 22<br \/>\n\t<span class=\"skype v-hidden\"><i class=\"icon icon-skype\" style=\"background-image: url(\/wp-content\/plugins\/wp-dicota\/assets\/img\/skype.svg);width: 18px;height: 18px;display: inline-block;background-size: contain;background-repeat: no-repeat;vertical-align: text-bottom;margin-right: 5px;\"><\/i><a href=\"skype:\"><\/a><\/span>\n\t    \n    <\/div>\n\t<\/div>\n\t<\/div>\n\t<div class=\"pl-0 col-sm-6 col-md-6 col-lg-4 col-xl-4\">\n\t<div class=\"card p-0\">\n\t<img class=\"card-img-top\" style=\"display: block; \t\tbackground-color: #fff; width: 100%; height: 350px;\t\tobject-fit: cover;\" \n\t\tsrc=\"https:\/\/www.dicota.club\/wp-content\/uploads\/2023\/06\/Cezary-Gralewicz-231x300.jpg\" \n\t\talt=\"\" \n\t\twidth=\"100%\" \/>\n\t<div class=\"card-body\">\n\t<h3 class=\"mb-0\">Cezary Gralewicz<\/h3>\n\t<p><\/p><a href=\"mailto: cezary.gralewicz@dct.group\"><i class=\"icon icon-mail2\"><\/i><span>cezary.gralewicz@dct.group<\/span><\/a><br \/>\n\t<i class=\"icon icon-phone2\"><\/i>+48 600 098 643<br \/>\n\t<span class=\"skype v-hidden\"><i class=\"icon icon-skype\" style=\"background-image: url(\/wp-content\/plugins\/wp-dicota\/assets\/img\/skype.svg);width: 18px;height: 18px;display: inline-block;background-size: contain;background-repeat: no-repeat;vertical-align: text-bottom;margin-right: 5px;\"><\/i><a href=\"skype:\"><\/a><\/span>\n\t    \n    <\/div>\n\t<\/div>\n\t<\/div>\n\t<div class=\"pl-0 col-sm-6 col-md-6 col-lg-4 col-xl-4\">\n\t<div class=\"card p-0\">\n\t<img class=\"card-img-top\" style=\"display: block; \t\tbackground-color: #fff; width: 100%; height: 350px;\t\tobject-fit: cover;\" \n\t\tsrc=\"https:\/\/www.dicota.club\/wp-content\/uploads\/2023\/06\/Marcin-Przybvsz_dicota-231x300.jpg\" \n\t\talt=\"\" \n\t\twidth=\"100%\" \/>\n\t<div class=\"card-body\">\n\t<h3 class=\"mb-0\">Marcin Przybysz<\/h3>\n\t<p><\/p><a href=\"mailto: marcin.przybysz@dct.group\"><i class=\"icon icon-mail2\"><\/i><span>marcin.przybysz@dct.group<\/span><\/a><br \/>\n\t<i class=\"icon icon-phone2\"><\/i>+48 662 425 000<br \/>\n\t<span class=\"skype v-hidden\"><i class=\"icon icon-skype\" style=\"background-image: url(\/wp-content\/plugins\/wp-dicota\/assets\/img\/skype.svg);width: 18px;height: 18px;display: inline-block;background-size: contain;background-repeat: no-repeat;vertical-align: text-bottom;margin-right: 5px;\"><\/i><a href=\"skype:\"><\/a><\/span>\n\t    \n    <\/div>\n\t<\/div>\n\t<\/div>\n\t<div class=\"pl-0 col-sm-6 col-md-6 col-lg-4 col-xl-4\">\n\t<div class=\"card p-0\">\n\t<img class=\"card-img-top\" style=\"display: block; \t\tbackground-color: #fff; width: 100%; height: 350px;\t\tobject-fit: cover;\" \n\t\tsrc=\"https:\/\/www.dicota.club\/wp-content\/uploads\/2023\/03\/Iwona-Ryszkiewicz-231x300.jpg\" \n\t\talt=\"\" \n\t\twidth=\"100%\" \/>\n\t<div class=\"card-body\">\n\t<h3 class=\"mb-0\">Iwona Ryszkiewicz<\/h3>\n\t<p><\/p><a href=\"mailto: iwona.ryszkiewicz@dct.group\"><i class=\"icon icon-mail2\"><\/i><span>iwona.ryszkiewicz@dct.group<\/span><\/a><br \/>\n\t<i class=\"icon icon-phone2\"><\/i>+48 693 970 860<br \/>\n\t<span class=\"skype v-hidden\"><i class=\"icon icon-skype\" style=\"background-image: url(\/wp-content\/plugins\/wp-dicota\/assets\/img\/skype.svg);width: 18px;height: 18px;display: inline-block;background-size: contain;background-repeat: no-repeat;vertical-align: text-bottom;margin-right: 5px;\"><\/i><a href=\"skype:\"><\/a><\/span>\n\t    \n    <\/div>\n\t<\/div>\n\t<\/div>\n\t<div class=\"pl-0 col-sm-6 col-md-6 col-lg-4 col-xl-4\">\n\t<div class=\"card p-0\">\n\t<img class=\"card-img-top\" style=\"display: block; \t\tbackground-color: #fff; width: 100%; height: 350px;\t\tobject-fit: cover;\" \n\t\tsrc=\"https:\/\/www.dicota.club\/wp-content\/uploads\/2023\/04\/Jimmi_Profile_dicota.info_-231x300.jpg\" \n\t\talt=\"\" \n\t\twidth=\"100%\" \/>\n\t<div class=\"card-body\">\n\t<h3 class=\"mb-0\">Jimmi Radberg<\/h3>\n\t<p><\/p><a href=\"mailto: jimmi.raadberg@dct.group\"><i class=\"icon icon-mail2\"><\/i><span>jimmi.raadberg@dct.group<\/span><\/a><br \/>\n\t<i class=\"icon icon-phone2\"><\/i>+45 40520747<br \/>\n\t<span class=\"skype v-hidden\"><i class=\"icon icon-skype\" style=\"background-image: url(\/wp-content\/plugins\/wp-dicota\/assets\/img\/skype.svg);width: 18px;height: 18px;display: inline-block;background-size: contain;background-repeat: no-repeat;vertical-align: text-bottom;margin-right: 5px;\"><\/i><a href=\"skype:\"><\/a><\/span>\n\t    \n    <\/div>\n\t<\/div>\n\t<\/div>\n\t<div class=\"pl-0 col-sm-6 col-md-6 col-lg-4 col-xl-4\">\n\t<div class=\"card p-0\">\n\t<img class=\"card-img-top\" style=\"display: block; \t\tbackground-color: #fff; width: 100%; height: 350px;\t\tobject-fit: cover;\" \n\t\tsrc=\"https:\/\/www.dicota.club\/wp-content\/uploads\/2023\/03\/Rob-Man-231x300.jpg\" \n\t\talt=\"\" \n\t\twidth=\"100%\" \/>\n\t<div class=\"card-body\">\n\t<h3 class=\"mb-0\">Rob Man<\/h3>\n\t<p><\/p><a href=\"mailto: rob.man@dct.group\"><i class=\"icon icon-mail2\"><\/i><span>rob.man@dct.group<\/span><\/a><br \/>\n\t<i class=\"icon icon-phone2\"><\/i>+44 7702 973 471<br \/>\n\t<span class=\"skype v-hidden\"><i class=\"icon icon-skype\" style=\"background-image: url(\/wp-content\/plugins\/wp-dicota\/assets\/img\/skype.svg);width: 18px;height: 18px;display: inline-block;background-size: contain;background-repeat: no-repeat;vertical-align: text-bottom;margin-right: 5px;\"><\/i><a href=\"skype:\"><\/a><\/span>\n\t    \n    <\/div>\n\t<\/div>\n\t<\/div>\n\t<div class=\"pl-0 col-sm-6 col-md-6 col-lg-4 col-xl-4\">\n\t<div class=\"card p-0\">\n\t<img class=\"card-img-top\" style=\"display: block; \t\tbackground-color: #fff; width: 100%; height: 350px;\t\tobject-fit: cover;\" \n\t\tsrc=\"https:\/\/www.dicota.club\/wp-content\/uploads\/2023\/03\/Mike-Hayes-231x300.jpg\" \n\t\talt=\"\" \n\t\twidth=\"100%\" \/>\n\t<div class=\"card-body\">\n\t<h3 class=\"mb-0\">Mike Hayes<\/h3>\n\t<p><\/p><a href=\"mailto: mike.hayes@dct.group\"><i class=\"icon icon-mail2\"><\/i><span>mike.hayes@dct.group<\/span><\/a><br \/>\n\t<i class=\"icon icon-phone2\"><\/i>+44 7834 728 202<br \/>\n\t<span class=\"skype v-hidden\"><i class=\"icon icon-skype\" style=\"background-image: url(\/wp-content\/plugins\/wp-dicota\/assets\/img\/skype.svg);width: 18px;height: 18px;display: inline-block;background-size: contain;background-repeat: no-repeat;vertical-align: text-bottom;margin-right: 5px;\"><\/i><a href=\"skype:\"><\/a><\/span>\n\t    \n    <\/div>\n\t<\/div>\n\t<\/div>\n\t<div class=\"pl-0 col-sm-6 col-md-6 col-lg-4 col-xl-4\">\n\t<div class=\"card p-0\">\n\t<img class=\"card-img-top\" style=\"display: block; \t\tbackground-color: #fff; width: 100%; height: 350px;\t\tobject-fit: cover;\" \n\t\tsrc=\"https:\/\/www.dicota.club\/wp-content\/uploads\/2022\/07\/Arnaud-Nziasi-231x300.jpg\" \n\t\talt=\"\" \n\t\twidth=\"100%\" \/>\n\t<div class=\"card-body\">\n\t<h3 class=\"mb-0\">Arnaud Nziasi<\/h3>\n\t<p><\/p><a href=\"mailto: arnaud.nziasi@dct.group\"><i class=\"icon icon-mail2\"><\/i><span>arnaud.nziasi@dct.group<\/span><\/a><br \/>\n\t<i class=\"icon icon-phone2\"><\/i>+33 6 3343 4469<br \/>\n\t<span class=\"skype v-hidden\"><i class=\"icon icon-skype\" style=\"background-image: url(\/wp-content\/plugins\/wp-dicota\/assets\/img\/skype.svg);width: 18px;height: 18px;display: inline-block;background-size: contain;background-repeat: no-repeat;vertical-align: text-bottom;margin-right: 5px;\"><\/i><a href=\"skype:\"><\/a><\/span>\n\t    \n    <\/div>\n\t<\/div>\n\t<\/div><\/div><\/span><\/p>\t\t\t\t\t\t\t\t<\/div>\n\t\t\t\t<\/div>\n\t\t\t\t\t<\/div>\n\t\t<\/div>\n\t\t\t\t\t<\/div>\n\t\t<\/section>\n\t\t\t\t<div class=\"elementor-element elementor-element-6ea05526 elementor-widget elementor-widget-spacer\" data-id=\"6ea05526\" data-element_type=\"widget\" data-e-type=\"widget\" data-widget_type=\"spacer.default\">\n\t\t\t\t<div class=\"elementor-widget-container\">\n\t\t\t\t\t\t\t<div class=\"elementor-spacer\">\n\t\t\t<div class=\"elementor-spacer-inner\"><\/div>\n\t\t<\/div>\n\t\t\t\t\t\t<\/div>\n\t\t\t\t<\/div>\n\t\t\t\t\t<\/div>\n\t\t<\/div>\n\t\t\t\t\t<\/div>\n\t\t<\/section>\n\t\t\t\t<section class=\"elementor-section elementor-top-section elementor-element elementor-element-3c869ea3 elementor-section-stretched elementor-section-boxed elementor-section-height-default elementor-section-height-default\" data-id=\"3c869ea3\" data-element_type=\"section\" data-e-type=\"section\" data-settings=\"{&quot;stretch_section&quot;:&quot;section-stretched&quot;,&quot;background_background&quot;:&quot;classic&quot;}\">\n\t\t\t\t\t\t<div class=\"elementor-container elementor-column-gap-no\">\n\t\t\t\t\t<div class=\"elementor-column elementor-col-100 elementor-top-column elementor-element elementor-element-28f4210a\" data-id=\"28f4210a\" data-element_type=\"column\" data-e-type=\"column\">\n\t\t\t<div class=\"elementor-widget-wrap elementor-element-populated\">\n\t\t\t\t\t\t<div class=\"elementor-element elementor-element-2a7fb911 elementor-widget elementor-widget-spacer\" data-id=\"2a7fb911\" data-element_type=\"widget\" data-e-type=\"widget\" data-widget_type=\"spacer.default\">\n\t\t\t\t<div class=\"elementor-widget-container\">\n\t\t\t\t\t\t\t<div class=\"elementor-spacer\">\n\t\t\t<div class=\"elementor-spacer-inner\"><\/div>\n\t\t<\/div>\n\t\t\t\t\t\t<\/div>\n\t\t\t\t<\/div>\n\t\t\t\t<div class=\"elementor-element elementor-element-db85e0a elementor-widget elementor-widget-heading\" data-id=\"db85e0a\" data-element_type=\"widget\" data-e-type=\"widget\" data-widget_type=\"heading.default\">\n\t\t\t\t<div class=\"elementor-widget-container\">\n\t\t\t\t\t<h6 class=\"elementor-heading-title elementor-size-default\">Odpowiednie strony:<\/h6>\t\t\t\t<\/div>\n\t\t\t\t<\/div>\n\t\t\t\t<section class=\"elementor-section elementor-inner-section elementor-element elementor-element-1857d13b elementor-section-full_width elementor-section-height-default elementor-section-height-default\" data-id=\"1857d13b\" data-element_type=\"section\" data-e-type=\"section\">\n\t\t\t\t\t\t<div class=\"elementor-container elementor-column-gap-no\">\n\t\t\t\t\t<div class=\"elementor-column elementor-col-50 elementor-inner-column elementor-element elementor-element-109468a\" data-id=\"109468a\" data-element_type=\"column\" data-e-type=\"column\">\n\t\t\t<div class=\"elementor-widget-wrap elementor-element-populated\">\n\t\t\t\t\t\t<div class=\"elementor-element elementor-element-43292eac elementor-cta--layout-image-right elementor-cta--skin-classic elementor-animated-content elementor-widget elementor-widget-call-to-action\" data-id=\"43292eac\" data-element_type=\"widget\" data-e-type=\"widget\" data-widget_type=\"call-to-action.default\">\n\t\t\t\t<div class=\"elementor-widget-container\">\n\t\t\t\t\t\t\t<a class=\"elementor-cta\" href=\"https:\/\/www.dicota.club\/pl\/produkty-2\/volumepricing\/\">\n\t\t\t\t\t<div class=\"elementor-cta__bg-wrapper\">\n\t\t\t\t<div class=\"elementor-cta__bg elementor-bg\" style=\"background-image: url(https:\/\/www.dicota.club\/wp-content\/uploads\/2021\/11\/ThinkstockPhotos-505473502-multi-pro-1-1.jpg);\" role=\"img\" aria-label=\"ThinkstockPhotos-505473502-multi-pro-1-1.jpg\"><\/div>\n\t\t\t\t<div class=\"elementor-cta__bg-overlay\"><\/div>\n\t\t\t<\/div>\n\t\t\t\t\t\t\t<div class=\"elementor-cta__content\">\n\t\t\t\t\n\t\t\t\t\t\t\t\t\t<h3 class=\"elementor-cta__title elementor-cta__content-item elementor-content-item\">\n\t\t\t\t\t\tCeny wolumenowe\t\t\t\t\t<\/h3>\n\t\t\t\t\n\t\t\t\t\t\t\t\t\t<div class=\"elementor-cta__description elementor-cta__content-item elementor-content-item\">\n\t\t\t\t\t\tProsz\u0119 skorzysta\u0107 z naszego narz\u0119dzia do wyceny, aby poprosi\u0107 o specjaln\u0105 cen\u0119 dla du\u017cych ilo\u015bci.\t\t\t\t\t<\/div>\n\t\t\t\t\n\t\t\t\t\t\t\t<\/div>\n\t\t\t\t\t\t<\/a>\n\t\t\t\t\t\t<\/div>\n\t\t\t\t<\/div>\n\t\t\t\t\t<\/div>\n\t\t<\/div>\n\t\t\t\t<div class=\"elementor-column elementor-col-50 elementor-inner-column elementor-element elementor-element-36128b79\" data-id=\"36128b79\" data-element_type=\"column\" data-e-type=\"column\">\n\t\t\t<div class=\"elementor-widget-wrap elementor-element-populated\">\n\t\t\t\t\t\t<div class=\"elementor-element elementor-element-1f901b9a elementor-cta--layout-image-right elementor-cta--skin-classic elementor-animated-content elementor-widget elementor-widget-call-to-action\" data-id=\"1f901b9a\" data-element_type=\"widget\" data-e-type=\"widget\" data-widget_type=\"call-to-action.default\">\n\t\t\t\t<div class=\"elementor-widget-container\">\n\t\t\t\t\t\t\t<a class=\"elementor-cta\" href=\"http:\/\/dicotaclub.lovebytes.de\/support\/sales\/\">\n\t\t\t\t\t<div class=\"elementor-cta__bg-wrapper\">\n\t\t\t\t<div class=\"elementor-cta__bg elementor-bg\" style=\"background-image: url(https:\/\/www.dicota.club\/wp-content\/uploads\/2021\/11\/contact-icons-keyboard-button-online-contact-concept-1-1.jpg);\" role=\"img\" aria-label=\"contact-icons-keyboard-button-online-contact-concept-1-1.jpg\"><\/div>\n\t\t\t\t<div class=\"elementor-cta__bg-overlay\"><\/div>\n\t\t\t<\/div>\n\t\t\t\t\t\t\t<div class=\"elementor-cta__content\">\n\t\t\t\t\n\t\t\t\t\t\t\t\t\t<h3 class=\"elementor-cta__title elementor-cta__content-item elementor-content-item\">\n\t\t\t\t\t\tWsparcie klubu\t\t\t\t\t<\/h3>\n\t\t\t\t\n\t\t\t\t\t\t\t\t\t<div class=\"elementor-cta__description elementor-cta__content-item elementor-content-item\">\n\t\t\t\t\t\tCzy pomimo naszych cz\u0119sto zadawanych pyta\u0144 nadal maj\u0105 Pa\u0144stwo pytania dotycz\u0105ce programu partnerskiego? Pomoc techniczna klubu z przyjemno\u015bci\u0105 Pa\u0144stwu pomo\u017ce.\t\t\t\t\t<\/div>\n\t\t\t\t\n\t\t\t\t\t\t\t<\/div>\n\t\t\t\t\t\t<\/a>\n\t\t\t\t\t\t<\/div>\n\t\t\t\t<\/div>\n\t\t\t\t\t<\/div>\n\t\t<\/div>\n\t\t\t\t\t<\/div>\n\t\t<\/section>\n\t\t\t\t<div class=\"elementor-element elementor-element-1a126f9f elementor-widget elementor-widget-spacer\" data-id=\"1a126f9f\" data-element_type=\"widget\" data-e-type=\"widget\" data-widget_type=\"spacer.default\">\n\t\t\t\t<div class=\"elementor-widget-container\">\n\t\t\t\t\t\t\t<div class=\"elementor-spacer\">\n\t\t\t<div class=\"elementor-spacer-inner\"><\/div>\n\t\t<\/div>\n\t\t\t\t\t\t<\/div>\n\t\t\t\t<\/div>\n\t\t\t\t\t<\/div>\n\t\t<\/div>\n\t\t\t\t\t<\/div>\n\t\t<\/section>\n\t\t\t\t<\/div>","protected":false},"excerpt":{"rendered":"<p>Projekt- und Verkaufssupport Die Erwartungen von Kunden k\u00f6nnen so umfassend sein, wie die Welt von DICOTA vielf\u00e4ltig ist. Unser Verkaufsteam versteht die Wichtigkeit von Zeit, Preis\u00a0und Zuverl\u00e4ssigkeit bei Projektanfragen. Ihre lokalen Ansprechpartner stehen Ihnen jederzeit gerne unterst\u00fctzend zur Verf\u00fcgung.\u00a0 Ihr Sales Kontakt Relevante Seiten: Volumenpreise Nutzen Sie unser Offerten Tool, um einen Sonderpreis f\u00fcr grosse [&hellip;]<\/p>\n","protected":false},"author":1,"featured_media":0,"parent":2529,"menu_order":0,"comment_status":"closed","ping_status":"closed","template":"","meta":{"_acf_changed":false,"inline_featured_image":false,"footnotes":""},"tags":[],"class_list":["post-2531","page","type-page","status-publish","hentry"],"acf":[],"_links":{"self":[{"href":"https:\/\/www.dicota.club\/pl\/wp-json\/wp\/v2\/pages\/2531","targetHints":{"allow":["GET"]}}],"collection":[{"href":"https:\/\/www.dicota.club\/pl\/wp-json\/wp\/v2\/pages"}],"about":[{"href":"https:\/\/www.dicota.club\/pl\/wp-json\/wp\/v2\/types\/page"}],"author":[{"embeddable":true,"href":"https:\/\/www.dicota.club\/pl\/wp-json\/wp\/v2\/users\/1"}],"replies":[{"embeddable":true,"href":"https:\/\/www.dicota.club\/pl\/wp-json\/wp\/v2\/comments?post=2531"}],"version-history":[{"count":13,"href":"https:\/\/www.dicota.club\/pl\/wp-json\/wp\/v2\/pages\/2531\/revisions"}],"predecessor-version":[{"id":15941,"href":"https:\/\/www.dicota.club\/pl\/wp-json\/wp\/v2\/pages\/2531\/revisions\/15941"}],"up":[{"embeddable":true,"href":"https:\/\/www.dicota.club\/pl\/wp-json\/wp\/v2\/pages\/2529"}],"wp:attachment":[{"href":"https:\/\/www.dicota.club\/pl\/wp-json\/wp\/v2\/media?parent=2531"}],"wp:term":[{"taxonomy":"post_tag","embeddable":true,"href":"https:\/\/www.dicota.club\/pl\/wp-json\/wp\/v2\/tags?post=2531"}],"curies":[{"name":"wp","href":"https:\/\/api.w.org\/{rel}","templated":true}]}}