{"id":480,"date":"2015-01-21T11:29:15","date_gmt":"2015-01-21T10:29:15","guid":{"rendered":"http:\/\/dicotaclub.lovebytes.de\/?page_id=480"},"modified":"2022-09-26T12:21:34","modified_gmt":"2022-09-26T10:21:34","slug":"odcisk","status":"publish","type":"page","link":"https:\/\/www.dicota.club\/pl\/wsparcie\/odcisk\/","title":{"rendered":"Nadruk"},"content":{"rendered":"<div data-elementor-type=\"wp-page\" data-elementor-id=\"480\" class=\"elementor elementor-480\" data-elementor-post-type=\"page\">\n\t\t\t\t\t\t<section class=\"elementor-section elementor-top-section elementor-element elementor-element-e6eedde elementor-section-boxed elementor-section-height-default elementor-section-height-default\" data-id=\"e6eedde\" data-element_type=\"section\" data-e-type=\"section\">\n\t\t\t\t\t\t<div class=\"elementor-container elementor-column-gap-default\">\n\t\t\t\t\t<div class=\"elementor-column elementor-col-100 elementor-top-column elementor-element elementor-element-0059ca1\" data-id=\"0059ca1\" data-element_type=\"column\" data-e-type=\"column\">\n\t\t\t<div class=\"elementor-widget-wrap elementor-element-populated\">\n\t\t\t\t\t\t<div class=\"elementor-element elementor-element-429ae34 elementor-widget elementor-widget-heading\" data-id=\"429ae34\" data-element_type=\"widget\" data-e-type=\"widget\" data-widget_type=\"heading.default\">\n\t\t\t\t<div class=\"elementor-widget-container\">\n\t\t\t\t\t<h2 class=\"elementor-heading-title elementor-size-default\">Nadruk<\/h2>\t\t\t\t<\/div>\n\t\t\t\t<\/div>\n\t\t\t\t<div class=\"elementor-element elementor-element-f8351b3 elementor-widget elementor-widget-text-editor\" data-id=\"f8351b3\" data-element_type=\"widget\" data-e-type=\"widget\" data-widget_type=\"text-editor.default\">\n\t\t\t\t<div class=\"elementor-widget-container\">\n\t\t\t\t\t\t\t\t\t<p>DICOTA SWITZERLAND AG<br \/>Churerstrasse 20<br \/>8808 Pf\u00e4ffikon SZ<br \/>Szwajcaria<\/p><p>Tel.: +41 55 416 50 30<br \/>E-mail: <a href=\"mailto:club@dicota.com\" target=\"_blank\" rel=\"noopener\">club@dct.group<\/a><\/p><p>Siedziba: 8807 Freienbach (Szwajcaria)<\/p><p>Urz\u0105d Rejestru Handlowego: Schwyz<br \/>Handelsregisternummer: CH-440.4.008.993-9<\/p><p>Identyfikator podatkowy VAT: CHE-108.440.857<\/p><p>Upowa\u017cniony przedstawiciel Zarz\u0105du: Rudolf Nauer<\/p><p>Platforma Komisji Europejskiej do internetowego rozstrzygania spor\u00f3w:\u00a0<a href=\"https:\/\/ec.europa.eu\/odr\">https:\/\/ec.europa.eu\/odr<\/a><\/p><p>Nie jeste\u015bmy zobowi\u0105zani ani ch\u0119tni do udzia\u0142u w post\u0119powaniu rozstrzygaj\u0105cym spory przed komisj\u0105 arbitra\u017cow\u0105 ds. konsument\u00f3w.<\/p><p><!-- \/wp:paragraph --><\/p>\t\t\t\t\t\t\t\t<\/div>\n\t\t\t\t<\/div>\n\t\t\t\t<div class=\"elementor-element elementor-element-7ab1269 elementor-widget elementor-widget-spacer\" data-id=\"7ab1269\" data-element_type=\"widget\" data-e-type=\"widget\" data-widget_type=\"spacer.default\">\n\t\t\t\t<div class=\"elementor-widget-container\">\n\t\t\t\t\t\t\t<div class=\"elementor-spacer\">\n\t\t\t<div class=\"elementor-spacer-inner\"><\/div>\n\t\t<\/div>\n\t\t\t\t\t\t<\/div>\n\t\t\t\t<\/div>\n\t\t\t\t\t<\/div>\n\t\t<\/div>\n\t\t\t\t\t<\/div>\n\t\t<\/section>\n\t\t\t\t<\/div>","protected":false},"excerpt":{"rendered":"<p>Imprint DICOTA SCHWEIZ AGChurerstrasse 208808 Pf\u00e4ffikon SZwajcaria Telefon: +41 55 416 50 30E-Mail: club@dct.group Siedziba: 8807 Freienbach (Szwajcaria) Biuro rejestru handlowego: SchwyzNumer rejestru handlowego: CH-440.4.008.993-9 UID \/ NIP: CHE-108.440.857 Cz\u0142onek zarz\u0105du upowa\u017cniony do reprezentowania: Rudolf Nauer Platforma Komisji UE do internetowego rozstrzygania spor\u00f3w: https:\/\/ec.europa.eu\/odr Nie jeste\u015bmy zobowi\u0105zani ani ch\u0119tni do udzia\u0142u w post\u0119powaniu rozstrzygaj\u0105cym spory przed komisj\u0105 arbitra\u017cow\u0105 ds. konsument\u00f3w.<\/p>","protected":false},"author":1,"featured_media":0,"parent":2529,"menu_order":2,"comment_status":"closed","ping_status":"closed","template":"","meta":{"_acf_changed":false,"inline_featured_image":false,"footnotes":""},"tags":[],"class_list":["post-480","page","type-page","status-publish","hentry"],"acf":[],"_links":{"self":[{"href":"https:\/\/www.dicota.club\/pl\/wp-json\/wp\/v2\/pages\/480","targetHints":{"allow":["GET"]}}],"collection":[{"href":"https:\/\/www.dicota.club\/pl\/wp-json\/wp\/v2\/pages"}],"about":[{"href":"https:\/\/www.dicota.club\/pl\/wp-json\/wp\/v2\/types\/page"}],"author":[{"embeddable":true,"href":"https:\/\/www.dicota.club\/pl\/wp-json\/wp\/v2\/users\/1"}],"replies":[{"embeddable":true,"href":"https:\/\/www.dicota.club\/pl\/wp-json\/wp\/v2\/comments?post=480"}],"version-history":[{"count":10,"href":"https:\/\/www.dicota.club\/pl\/wp-json\/wp\/v2\/pages\/480\/revisions"}],"predecessor-version":[{"id":16098,"href":"https:\/\/www.dicota.club\/pl\/wp-json\/wp\/v2\/pages\/480\/revisions\/16098"}],"up":[{"embeddable":true,"href":"https:\/\/www.dicota.club\/pl\/wp-json\/wp\/v2\/pages\/2529"}],"wp:attachment":[{"href":"https:\/\/www.dicota.club\/pl\/wp-json\/wp\/v2\/media?parent=480"}],"wp:term":[{"taxonomy":"post_tag","embeddable":true,"href":"https:\/\/www.dicota.club\/pl\/wp-json\/wp\/v2\/tags?post=480"}],"curies":[{"name":"wp","href":"https:\/\/api.w.org\/{rel}","templated":true}]}}